{"id":32066,"date":"2023-10-08T15:02:49","date_gmt":"2023-10-08T13:02:49","guid":{"rendered":"https:\/\/armenischeschule.ch\/?page_id=32066"},"modified":"2026-02-13T15:45:55","modified_gmt":"2026-02-13T14:45:55","slug":"donate","status":"publish","type":"page","link":"https:\/\/armenischeschule.ch\/de\/donate\/","title":{"rendered":"Spenden"},"content":{"rendered":"<div data-elementor-type=\"wp-page\" data-elementor-id=\"32066\" class=\"elementor elementor-32066\">\n\t\t\t\t<div class=\"elementor-element elementor-element-9b78b12 e-flex e-con-boxed e-con e-parent\" data-id=\"9b78b12\" data-element_type=\"container\" data-e-type=\"container\" data-settings=\"{&quot;background_background&quot;:&quot;classic&quot;}\">\n\t\t\t\t\t<div class=\"e-con-inner\">\n\t\t<div class=\"elementor-element elementor-element-b6fd232 e-con-full e-flex e-con e-child\" data-id=\"b6fd232\" data-element_type=\"container\" data-e-type=\"container\">\n\t\t\t\t<div class=\"elementor-element elementor-element-bed8ad2 elementor-widget elementor-widget-heading\" data-id=\"bed8ad2\" data-element_type=\"widget\" data-e-type=\"widget\" data-widget_type=\"heading.default\">\n\t\t\t\t<div class=\"elementor-widget-container\">\n\t\t\t\t\t<h2 class=\"elementor-heading-title elementor-size-default\">Spenden<\/h2>\t\t\t\t<\/div>\n\t\t\t\t<\/div>\n\t\t\t\t<\/div>\n\t\t\t\t\t<\/div>\n\t\t\t\t<\/div>\n\t\t\t\t<section class=\"elementor-section elementor-top-section elementor-element elementor-element-7123a0d elementor-section-full_width elementor-section-height-default elementor-section-height-default\" data-id=\"7123a0d\" data-element_type=\"section\" data-e-type=\"section\" data-settings=\"{&quot;background_background&quot;:&quot;classic&quot;}\">\n\t\t\t\t\t\t<div class=\"elementor-container elementor-column-gap-no\">\n\t\t\t\t\t<div class=\"elementor-column elementor-col-100 elementor-top-column elementor-element elementor-element-2c29ea0\" data-id=\"2c29ea0\" data-element_type=\"column\" data-e-type=\"column\">\n\t\t\t<div class=\"elementor-widget-wrap elementor-element-populated\">\n\t\t\t\t\t\t<div class=\"elementor-element elementor-element-2518153 elementor-widget elementor-widget-heading\" data-id=\"2518153\" data-element_type=\"widget\" data-e-type=\"widget\" data-widget_type=\"heading.default\">\n\t\t\t\t<div class=\"elementor-widget-container\">\n\t\t\t\t\t<h4 class=\"elementor-heading-title elementor-size-default\">Unterst\u00fctzen Sie unsere Schule!<\/h4>\t\t\t\t<\/div>\n\t\t\t\t<\/div>\n\t\t\t\t<div class=\"elementor-element elementor-element-f30c81c elementor-widget__width-initial elementor-widget-mobile__width-inherit elementor-widget elementor-widget-text-editor\" data-id=\"f30c81c\" data-element_type=\"widget\" data-e-type=\"widget\" data-widget_type=\"text-editor.default\">\n\t\t\t\t<div class=\"elementor-widget-container\">\n\t\t\t\t\t\t\t\t\t<p>In unserer Schule bem\u00fchen wir uns, allen Sch\u00fclern die Mittel zur Verf\u00fcgung zu stellen, die sie zur Verbesserung ihrer Sprachkenntnisse ben\u00f6tigen. Ihr grossherziger Beitrag hilft uns, unseren Sch\u00fclern weiterhin die M\u00f6glichkeit zu geben, Armenisch zu lernen und die armenische Kultur und das Erbe zu f\u00f6rdern.<\/p>\t\t\t\t\t\t\t\t<\/div>\n\t\t\t\t<\/div>\n\t\t\t\t<div class=\"elementor-element elementor-element-88101c5 elementor-widget__width-initial elementor-widget-mobile__width-inherit elementor-widget elementor-widget-text-editor\" data-id=\"88101c5\" data-element_type=\"widget\" data-e-type=\"widget\" data-widget_type=\"text-editor.default\">\n\t\t\t\t<div class=\"elementor-widget-container\">\n\t\t\t\t\t\t\t\t\t<div>Es gibt einige Spendenm\u00f6glichkeiten.<\/div>\n<div class=\"translation-block\"><strong>Unterst\u00fctzen Sie<\/strong> und werden Sie Teil der Familie von Spendern, die uns helfen zu wachsen! Vielen herzlichen Dank!<\/div>\t\t\t\t\t\t\t\t<\/div>\n\t\t\t\t<\/div>\n\t\t\t\t<div class=\"elementor-element elementor-element-f85b75f elementor-widget-mobile__width-inherit elementor-widget-divider--view-line elementor-widget elementor-widget-divider\" data-id=\"f85b75f\" data-element_type=\"widget\" data-e-type=\"widget\" data-widget_type=\"divider.default\">\n\t\t\t\t<div class=\"elementor-widget-container\">\n\t\t\t\t\t\t\t<div class=\"elementor-divider\">\n\t\t\t<span class=\"elementor-divider-separator\">\n\t\t\t\t\t\t<\/span>\n\t\t<\/div>\n\t\t\t\t\t\t<\/div>\n\t\t\t\t<\/div>\n\t\t\t\t\t<\/div>\n\t\t<\/div>\n\t\t\t\t\t<\/div>\n\t\t<\/section>\n\t\t<div class=\"elementor-element elementor-element-f4ff974 e-con-full e-flex e-con e-parent\" data-id=\"f4ff974\" data-element_type=\"container\" data-e-type=\"container\" data-settings=\"{&quot;background_background&quot;:&quot;classic&quot;}\">\n\t\t<div class=\"elementor-element elementor-element-972c4d8 e-flex e-con-boxed e-con e-child\" data-id=\"972c4d8\" data-element_type=\"container\" data-e-type=\"container\">\n\t\t\t\t\t<div class=\"e-con-inner\">\n\t\t\t\t<div class=\"elementor-element elementor-element-4fa4fc5 elementor-widget elementor-widget-heading\" data-id=\"4fa4fc5\" data-element_type=\"widget\" data-e-type=\"widget\" data-widget_type=\"heading.default\">\n\t\t\t\t<div class=\"elementor-widget-container\">\n\t\t\t\t\t<h4 class=\"elementor-heading-title elementor-size-default\">Zahlungsinformationen<\/h4>\t\t\t\t<\/div>\n\t\t\t\t<\/div>\n\t\t\t\t\t<\/div>\n\t\t\t\t<\/div>\n\t\t\t\t<\/div>\n\t\t\t\t<section class=\"elementor-section elementor-top-section elementor-element elementor-element-2c35bc8 elementor-section-full_width elementor-section-height-default elementor-section-height-default\" data-id=\"2c35bc8\" data-element_type=\"section\" data-e-type=\"section\" data-settings=\"{&quot;background_background&quot;:&quot;classic&quot;}\">\n\t\t\t\t\t\t<div class=\"elementor-container elementor-column-gap-default\">\n\t\t\t\t\t<div class=\"elementor-column elementor-col-33 elementor-top-column elementor-element elementor-element-8fa7011\" data-id=\"8fa7011\" data-element_type=\"column\" data-e-type=\"column\">\n\t\t\t<div class=\"elementor-widget-wrap elementor-element-populated\">\n\t\t\t\t\t\t<div class=\"elementor-element elementor-element-7c07ff9 elementor-widget elementor-widget-heading\" data-id=\"7c07ff9\" data-element_type=\"widget\" data-e-type=\"widget\" data-widget_type=\"heading.default\">\n\t\t\t\t<div class=\"elementor-widget-container\">\n\t\t\t\t\t<h6 class=\"elementor-heading-title elementor-size-default\">Bank \u00dcberweisung<\/h6>\t\t\t\t<\/div>\n\t\t\t\t<\/div>\n\t\t\t\t<div class=\"elementor-element elementor-element-6abd557 elementor-widget__width-initial elementor-widget-mobile__width-inherit elementor-widget-tablet__width-initial elementor-widget elementor-widget-text-editor\" data-id=\"6abd557\" data-element_type=\"widget\" data-e-type=\"widget\" data-widget_type=\"text-editor.default\">\n\t\t\t\t<div class=\"elementor-widget-container\">\n\t\t\t\t\t\t\t\t\t<div><span style=\"color: #000000;\">Armenische Schule Z\u00fcrich<\/span><\/div>\n<div><span style=\"color: #000000;\">8041 Z\u00fcrich<\/span><\/div>\n<div><span style=\"color: #000000;\">IBAN: CH71 0840 1000 0678 6508 9<\/span><\/div>\n<div><span style=\"color: #000000;\">Migros Bank, Z\u00fcrich Seidengasse<\/span><\/div>\t\t\t\t\t\t\t\t<\/div>\n\t\t\t\t<\/div>\n\t\t\t\t\t<\/div>\n\t\t<\/div>\n\t\t\t\t<div class=\"elementor-column elementor-col-33 elementor-top-column elementor-element elementor-element-adf7abf\" data-id=\"adf7abf\" data-element_type=\"column\" data-e-type=\"column\">\n\t\t\t<div class=\"elementor-widget-wrap elementor-element-populated\">\n\t\t\t\t\t\t<div class=\"elementor-element elementor-element-92c1103 elementor-widget elementor-widget-heading\" data-id=\"92c1103\" data-element_type=\"widget\" data-e-type=\"widget\" data-widget_type=\"heading.default\">\n\t\t\t\t<div class=\"elementor-widget-container\">\n\t\t\t\t\t<h6 class=\"elementor-heading-title elementor-size-default\"><a href=\"https:\/\/pay.raisenow.io\/vvnxn?lng=de\">Zahlen mit Twint<\/a><\/h6>\t\t\t\t<\/div>\n\t\t\t\t<\/div>\n\t\t\t\t<div class=\"elementor-element elementor-element-552151b elementor-widget elementor-widget-image\" data-id=\"552151b\" data-element_type=\"widget\" data-e-type=\"widget\" data-widget_type=\"image.default\">\n\t\t\t\t<div class=\"elementor-widget-container\">\n\t\t\t\t\t\t\t\t\t\t\t\t\t\t\t\t<a href=\"https:\/\/pay.raisenow.io\/vvnxn?lng=de\">\n\t\t\t\t\t\t\t<img decoding=\"async\" width=\"178\" height=\"203\" src=\"https:\/\/armenischeschule.ch\/wp-content\/uploads\/2023\/11\/ASZ_Twintlogo.jpg\" class=\"attachment-full size-full wp-image-34248\" alt=\"Twint Logo\" srcset=\"https:\/\/armenischeschule.ch\/wp-content\/uploads\/2023\/11\/ASZ_Twintlogo.jpg 178w, https:\/\/armenischeschule.ch\/wp-content\/uploads\/2023\/11\/ASZ_Twintlogo-11x12.jpg 11w\" sizes=\"(max-width: 178px) 100vw, 178px\" \/>\t\t\t\t\t\t\t\t<\/a>\n\t\t\t\t\t\t\t\t\t\t\t\t\t\t\t<\/div>\n\t\t\t\t<\/div>\n\t\t\t\t\t<\/div>\n\t\t<\/div>\n\t\t\t\t<div class=\"elementor-column elementor-col-33 elementor-top-column elementor-element elementor-element-3faa3fb\" data-id=\"3faa3fb\" data-element_type=\"column\" data-e-type=\"column\">\n\t\t\t<div class=\"elementor-widget-wrap elementor-element-populated\">\n\t\t\t\t\t\t<div class=\"elementor-element elementor-element-c6fa31c elementor-widget elementor-widget-heading\" data-id=\"c6fa31c\" data-element_type=\"widget\" data-e-type=\"widget\" data-widget_type=\"heading.default\">\n\t\t\t\t<div class=\"elementor-widget-container\">\n\t\t\t\t\t<h6 class=\"elementor-heading-title elementor-size-default\"><a href=\"https:\/\/www.paypal.com\/paypalme\/armenischeschulez\">Zahlen mit PayPal<\/a><\/h6>\t\t\t\t<\/div>\n\t\t\t\t<\/div>\n\t\t\t\t<div class=\"elementor-element elementor-element-80dd943 elementor-widget elementor-widget-image\" data-id=\"80dd943\" data-element_type=\"widget\" data-e-type=\"widget\" data-widget_type=\"image.default\">\n\t\t\t\t<div class=\"elementor-widget-container\">\n\t\t\t\t\t\t\t\t\t\t\t\t\t\t\t\t<a href=\"https:\/\/www.paypal.com\/paypalme\/armenischeschulez\">\n\t\t\t\t\t\t\t<img decoding=\"async\" width=\"150\" height=\"180\" src=\"https:\/\/armenischeschule.ch\/wp-content\/uploads\/2023\/11\/ASZ_Paypal-5.png\" class=\"attachment-full size-full wp-image-34190\" alt=\"PayPal Logo\" srcset=\"https:\/\/armenischeschule.ch\/wp-content\/uploads\/2023\/11\/ASZ_Paypal-5.png 150w, https:\/\/armenischeschule.ch\/wp-content\/uploads\/2023\/11\/ASZ_Paypal-5-10x12.png 10w\" sizes=\"(max-width: 150px) 100vw, 150px\" \/>\t\t\t\t\t\t\t\t<\/a>\n\t\t\t\t\t\t\t\t\t\t\t\t\t\t\t<\/div>\n\t\t\t\t<\/div>\n\t\t\t\t\t<\/div>\n\t\t<\/div>\n\t\t\t\t\t<\/div>\n\t\t<\/section>\n\t\t<div class=\"elementor-element elementor-element-c6d1364 e-con-full e-flex e-con e-parent\" data-id=\"c6d1364\" data-element_type=\"container\" data-e-type=\"container\" data-settings=\"{&quot;background_background&quot;:&quot;classic&quot;}\">\n\t\t<div class=\"elementor-element elementor-element-1f172d1 e-flex e-con-boxed e-con e-child\" data-id=\"1f172d1\" data-element_type=\"container\" data-e-type=\"container\">\n\t\t\t\t\t<div class=\"e-con-inner\">\n\t\t\t\t<div class=\"elementor-element elementor-element-ff6e964 elementor-widget elementor-widget-heading\" data-id=\"ff6e964\" data-element_type=\"widget\" data-e-type=\"widget\" data-widget_type=\"heading.default\">\n\t\t\t\t<div class=\"elementor-widget-container\">\n\t\t\t\t\t<h6 class=\"elementor-heading-title elementor-size-default\">Kreditkarte<\/h6>\t\t\t\t<\/div>\n\t\t\t\t<\/div>\n\t\t\t\t\t<\/div>\n\t\t\t\t<\/div>\n\t\t\t\t<\/div>\n\t\t<div class=\"elementor-element elementor-element-fb475db e-con-full e-flex e-con e-parent\" data-id=\"fb475db\" data-element_type=\"container\" data-e-type=\"container\" data-settings=\"{&quot;background_background&quot;:&quot;classic&quot;}\">\n\t\t<div class=\"elementor-element elementor-element-8ee1626 e-con-full e-flex e-con e-child\" data-id=\"8ee1626\" data-element_type=\"container\" data-e-type=\"container\">\n\t\t\t\t<div class=\"elementor-element elementor-element-13d050c elementor-widget elementor-widget-shortcode\" data-id=\"13d050c\" data-element_type=\"widget\" data-e-type=\"widget\" data-widget_type=\"shortcode.default\">\n\t\t\t\t<div class=\"elementor-widget-container\">\n\t\t\t\t\t\t\t<div class=\"elementor-shortcode\"><div class=\"give-embed-form-wrapper\" id=\"give-69f4d3c19fa16\"><iframe\n\t\t\t\tname=\"give-embed-form\"\n\t\t\t\tsrc=\"https:\/\/armenischeschule.ch\/de\/give\/donation-form?giveDonationFormInIframe=1\"\n\t\t\t\t\n\t\t\t\tdata-autoscroll=\"0\"\n\t\t\t\tonload=\"if( 'undefined' !== typeof Give ) { Give.initializeIframeResize(this) }\"\n\t\t\t\tstyle=\"border: 0;visibility: hidden;min-height: 600px;\"><\/iframe><div class=\"iframe-loader\">\n<div style=\"        height: 100%;        width: 100%;        display: flex;        align-items: center;        justify-content: center;    \">\n    <div style=\"        pointer-events: none;        height: 90px;        width: 90px;        background-image: url(&quot;data:image\/svg+xml;charset=utf8,%3C?xml version='1.0' encoding='utf-8'?%3E%3C!-- Generator: Adobe Illustrator 24.1.0, SVG Export Plug-In . SVG Version: 6.00 Build 0) --%3E%3Csvg version='1.1' id='Layer_1' xmlns='http:\/\/www.w3.org\/2000\/svg' xmlns:xlink='http:\/\/www.w3.org\/1999\/xlink' x='0px' y='0px' viewBox='0 0 349 348' style='enable-background:new 0 0 349 348;' xml:space='preserve'%3E%3Cstyle type='text\/css'%3E .st0{fill:%231E8CBE;} %3C\/style%3E%3Cpath class='st0' d='M25.1,204.57c-13.38,0-24.47-10.6-24.97-24.08C0.04,178.09,0,175.97,0,174C0,77.78,78.28-0.5,174.5-0.5 c13.81,0,25,11.19,25,25s-11.19,25-25,25C105.85,49.5,50,105.35,50,174c0,1.37,0.03,2.85,0.1,4.65c0.51,13.8-10.27,25.39-24.07,25.9 C25.72,204.56,25.41,204.57,25.1,204.57z'\/%3E%3Cpath class='st0' d='M174.5,348.5c-13.81,0-25-11.19-25-25c0-13.81,11.19-25,25-25c68.65,0,124.5-55.85,124.5-124.5 c0-1.38-0.03-2.85-0.1-4.65c-0.51-13.8,10.26-25.4,24.06-25.91c13.83-0.53,25.4,10.26,25.91,24.06c0.09,2.39,0.13,4.51,0.13,6.49 C349,270.22,270.72,348.5,174.5,348.5z'\/%3E%3C\/svg%3E&quot;);        animation: spin 0.6s linear infinite;        \"><\/div>\n<\/div>\n<\/div><\/div><\/div>\n\t\t\t\t\t\t<\/div>\n\t\t\t\t<\/div>\n\t\t\t\t<\/div>\n\t\t\t\t<\/div>\n\t\t\t\t<\/div>","protected":false},"excerpt":{"rendered":"<p>Donate Support Our School At our school we strive to ensure all the students have the resources they need to improve their language skills. Your kind donation allows us to continue offering them to learn Armenian and spread the world with Armenian culture and heritage. There are various ways to make a donation. Donate and [&hellip;]<\/p>\n","protected":false},"author":1,"featured_media":0,"parent":0,"menu_order":0,"comment_status":"closed","ping_status":"closed","template":"","meta":{"give_campaign_id":0,"site-sidebar-layout":"no-sidebar","site-content-layout":"page-builder","ast-site-content-layout":"full-width-container","site-content-style":"unboxed","site-sidebar-style":"unboxed","ast-global-header-display":"","ast-banner-title-visibility":"","ast-main-header-display":"","ast-hfb-above-header-display":"","ast-hfb-below-header-display":"","ast-hfb-mobile-header-display":"","site-post-title":"disabled","ast-breadcrumbs-content":"disabled","ast-featured-img":"disabled","footer-sml-layout":"","ast-disable-related-posts":"","theme-transparent-header-meta":"default","adv-header-id-meta":"","stick-header-meta":"","header-above-stick-meta":"","header-main-stick-meta":"","header-below-stick-meta":"","astra-migrate-meta-layouts":"set","ast-page-background-enabled":"default","ast-page-background-meta":{"desktop":{"background-color":"","background-image":"","background-repeat":"repeat","background-position":"center center","background-size":"auto","background-attachment":"scroll","background-type":"","background-media":"","overlay-type":"","overlay-color":"","overlay-opacity":"","overlay-gradient":""},"tablet":{"background-color":"","background-image":"","background-repeat":"repeat","background-position":"center center","background-size":"auto","background-attachment":"scroll","background-type":"","background-media":"","overlay-type":"","overlay-color":"","overlay-opacity":"","overlay-gradient":""},"mobile":{"background-color":"","background-image":"","background-repeat":"repeat","background-position":"center center","background-size":"auto","background-attachment":"scroll","background-type":"","background-media":"","overlay-type":"","overlay-color":"","overlay-opacity":"","overlay-gradient":""}},"ast-content-background-meta":{"desktop":{"background-color":"var(--ast-global-color-5)","background-image":"","background-repeat":"repeat","background-position":"center center","background-size":"auto","background-attachment":"scroll","background-type":"","background-media":"","overlay-type":"","overlay-color":"","overlay-opacity":"","overlay-gradient":""},"tablet":{"background-color":"var(--ast-global-color-5)","background-image":"","background-repeat":"repeat","background-position":"center center","background-size":"auto","background-attachment":"scroll","background-type":"","background-media":"","overlay-type":"","overlay-color":"","overlay-opacity":"","overlay-gradient":""},"mobile":{"background-color":"var(--ast-global-color-5)","background-image":"","background-repeat":"repeat","background-position":"center center","background-size":"auto","background-attachment":"scroll","background-type":"","background-media":"","overlay-type":"","overlay-color":"","overlay-opacity":"","overlay-gradient":""}},"footnotes":""},"class_list":["post-32066","page","type-page","status-publish","hentry"],"yoast_head":"<!-- This site is optimized with the Yoast SEO plugin v27.5 - https:\/\/yoast.com\/product\/yoast-seo-wordpress\/ -->\n<title>Armenische Schule Z\u00fcrich \u2013 Donate<\/title>\n<meta name=\"description\" content=\"Your kind donation allows our school to continue offering students to learn Armenian. Donate\u00a0and join the family of donors who help us grow!\" \/>\n<meta name=\"robots\" content=\"index, follow, max-snippet:-1, max-image-preview:large, max-video-preview:-1\" \/>\n<link rel=\"canonical\" href=\"https:\/\/armenischeschule.ch\/de\/donate\/\" \/>\n<meta property=\"og:locale\" content=\"de_DE\" \/>\n<meta property=\"og:type\" content=\"article\" \/>\n<meta property=\"og:title\" content=\"Armenische Schule Z\u00fcrich \u2013 Donate\" \/>\n<meta property=\"og:description\" content=\"Your kind donation allows our school to continue offering students to learn Armenian. Donate\u00a0and join the family of donors who help us grow!\" \/>\n<meta property=\"og:url\" content=\"https:\/\/armenischeschule.ch\/de\/donate\/\" \/>\n<meta property=\"og:site_name\" content=\"Armenische Schule Z\u00fcrich\" \/>\n<meta property=\"article:publisher\" content=\"https:\/\/www.facebook.com\/people\/Armenische-Schule-Zrich\/100075947446217\" \/>\n<meta property=\"article:modified_time\" content=\"2026-02-13T14:45:55+00:00\" \/>\n<meta property=\"og:image\" content=\"https:\/\/armenischeschule.ch\/wp-content\/uploads\/2023\/11\/ASZ_Twintlogo.jpg\" \/>\n<meta name=\"twitter:card\" content=\"summary_large_image\" \/>\n<meta name=\"twitter:label1\" content=\"Gesch\u00e4tzte Lesezeit\" \/>\n\t<meta name=\"twitter:data1\" content=\"1\u00a0Minute\" \/>\n<script type=\"application\/ld+json\" class=\"yoast-schema-graph\">{\"@context\":\"https:\\\/\\\/schema.org\",\"@graph\":[{\"@type\":\"WebPage\",\"@id\":\"https:\\\/\\\/armenischeschule.ch\\\/donate\\\/\",\"url\":\"https:\\\/\\\/armenischeschule.ch\\\/donate\\\/\",\"name\":\"Armenische Schule Z\u00fcrich \u2013 Donate\",\"isPartOf\":{\"@id\":\"https:\\\/\\\/armenischeschule.ch\\\/en\\\/#website\"},\"primaryImageOfPage\":{\"@id\":\"https:\\\/\\\/armenischeschule.ch\\\/donate\\\/#primaryimage\"},\"image\":{\"@id\":\"https:\\\/\\\/armenischeschule.ch\\\/donate\\\/#primaryimage\"},\"thumbnailUrl\":\"https:\\\/\\\/armenischeschule.ch\\\/wp-content\\\/uploads\\\/2023\\\/11\\\/ASZ_Twintlogo.jpg\",\"datePublished\":\"2023-10-08T13:02:49+00:00\",\"dateModified\":\"2026-02-13T14:45:55+00:00\",\"description\":\"Your kind donation allows our school to continue offering students to learn Armenian. Donate\u00a0and join the family of donors who help us grow!\",\"breadcrumb\":{\"@id\":\"https:\\\/\\\/armenischeschule.ch\\\/donate\\\/#breadcrumb\"},\"inLanguage\":\"de\",\"potentialAction\":[{\"@type\":\"ReadAction\",\"target\":[\"https:\\\/\\\/armenischeschule.ch\\\/donate\\\/\"]}]},{\"@type\":\"ImageObject\",\"inLanguage\":\"de\",\"@id\":\"https:\\\/\\\/armenischeschule.ch\\\/donate\\\/#primaryimage\",\"url\":\"https:\\\/\\\/armenischeschule.ch\\\/wp-content\\\/uploads\\\/2023\\\/11\\\/ASZ_Twintlogo.jpg\",\"contentUrl\":\"https:\\\/\\\/armenischeschule.ch\\\/wp-content\\\/uploads\\\/2023\\\/11\\\/ASZ_Twintlogo.jpg\"},{\"@type\":\"BreadcrumbList\",\"@id\":\"https:\\\/\\\/armenischeschule.ch\\\/donate\\\/#breadcrumb\",\"itemListElement\":[{\"@type\":\"ListItem\",\"position\":1,\"name\":\"Home\",\"item\":\"https:\\\/\\\/armenischeschule.ch\\\/\"},{\"@type\":\"ListItem\",\"position\":2,\"name\":\"Donate\"}]},{\"@type\":\"WebSite\",\"@id\":\"https:\\\/\\\/armenischeschule.ch\\\/en\\\/#website\",\"url\":\"https:\\\/\\\/armenischeschule.ch\\\/en\\\/\",\"name\":\"Armenische Schule Z\u00fcrich\",\"description\":\"\",\"publisher\":{\"@id\":\"https:\\\/\\\/armenischeschule.ch\\\/en\\\/#organization\"},\"potentialAction\":[{\"@type\":\"SearchAction\",\"target\":{\"@type\":\"EntryPoint\",\"urlTemplate\":\"https:\\\/\\\/armenischeschule.ch\\\/en\\\/?s={search_term_string}\"},\"query-input\":{\"@type\":\"PropertyValueSpecification\",\"valueRequired\":true,\"valueName\":\"search_term_string\"}}],\"inLanguage\":\"de\"},{\"@type\":\"Organization\",\"@id\":\"https:\\\/\\\/armenischeschule.ch\\\/en\\\/#organization\",\"name\":\"Armenische Schule Z\u00fcrich\",\"url\":\"https:\\\/\\\/armenischeschule.ch\\\/en\\\/\",\"logo\":{\"@type\":\"ImageObject\",\"inLanguage\":\"de\",\"@id\":\"https:\\\/\\\/armenischeschule.ch\\\/en\\\/#\\\/schema\\\/logo\\\/image\\\/\",\"url\":\"https:\\\/\\\/armenischeschule.ch\\\/wp-content\\\/uploads\\\/2023\\\/09\\\/cropped-ASZ_Logo-e1730993653738.png\",\"contentUrl\":\"https:\\\/\\\/armenischeschule.ch\\\/wp-content\\\/uploads\\\/2023\\\/09\\\/cropped-ASZ_Logo-e1730993653738.png\",\"width\":579,\"height\":410,\"caption\":\"Armenische Schule Z\u00fcrich\"},\"image\":{\"@id\":\"https:\\\/\\\/armenischeschule.ch\\\/en\\\/#\\\/schema\\\/logo\\\/image\\\/\"},\"sameAs\":[\"https:\\\/\\\/www.facebook.com\\\/people\\\/Armenische-Schule-Zrich\\\/100075947446217\"]}]}<\/script>\n<!-- \/ Yoast SEO plugin. -->","yoast_head_json":{"title":"Armenische Schule Z\u00fcrich \u2013 Donate","description":"Your kind donation allows our school to continue offering students to learn Armenian. Donate\u00a0and join the family of donors who help us grow!","robots":{"index":"index","follow":"follow","max-snippet":"max-snippet:-1","max-image-preview":"max-image-preview:large","max-video-preview":"max-video-preview:-1"},"canonical":"https:\/\/armenischeschule.ch\/de\/donate\/","og_locale":"de_DE","og_type":"article","og_title":"Armenische Schule Z\u00fcrich \u2013 Donate","og_description":"Your kind donation allows our school to continue offering students to learn Armenian. Donate\u00a0and join the family of donors who help us grow!","og_url":"https:\/\/armenischeschule.ch\/de\/donate\/","og_site_name":"Armenische Schule Z\u00fcrich","article_publisher":"https:\/\/www.facebook.com\/people\/Armenische-Schule-Zrich\/100075947446217","article_modified_time":"2026-02-13T14:45:55+00:00","og_image":[{"url":"https:\/\/armenischeschule.ch\/wp-content\/uploads\/2023\/11\/ASZ_Twintlogo.jpg","type":"","width":"","height":""}],"twitter_card":"summary_large_image","twitter_misc":{"Gesch\u00e4tzte Lesezeit":"1\u00a0Minute"},"schema":{"@context":"https:\/\/schema.org","@graph":[{"@type":"WebPage","@id":"https:\/\/armenischeschule.ch\/donate\/","url":"https:\/\/armenischeschule.ch\/donate\/","name":"Armenische Schule Z\u00fcrich \u2013 Donate","isPartOf":{"@id":"https:\/\/armenischeschule.ch\/en\/#website"},"primaryImageOfPage":{"@id":"https:\/\/armenischeschule.ch\/donate\/#primaryimage"},"image":{"@id":"https:\/\/armenischeschule.ch\/donate\/#primaryimage"},"thumbnailUrl":"https:\/\/armenischeschule.ch\/wp-content\/uploads\/2023\/11\/ASZ_Twintlogo.jpg","datePublished":"2023-10-08T13:02:49+00:00","dateModified":"2026-02-13T14:45:55+00:00","description":"Your kind donation allows our school to continue offering students to learn Armenian. Donate\u00a0and join the family of donors who help us grow!","breadcrumb":{"@id":"https:\/\/armenischeschule.ch\/donate\/#breadcrumb"},"inLanguage":"de","potentialAction":[{"@type":"ReadAction","target":["https:\/\/armenischeschule.ch\/donate\/"]}]},{"@type":"ImageObject","inLanguage":"de","@id":"https:\/\/armenischeschule.ch\/donate\/#primaryimage","url":"https:\/\/armenischeschule.ch\/wp-content\/uploads\/2023\/11\/ASZ_Twintlogo.jpg","contentUrl":"https:\/\/armenischeschule.ch\/wp-content\/uploads\/2023\/11\/ASZ_Twintlogo.jpg"},{"@type":"BreadcrumbList","@id":"https:\/\/armenischeschule.ch\/donate\/#breadcrumb","itemListElement":[{"@type":"ListItem","position":1,"name":"Home","item":"https:\/\/armenischeschule.ch\/"},{"@type":"ListItem","position":2,"name":"Donate"}]},{"@type":"WebSite","@id":"https:\/\/armenischeschule.ch\/en\/#website","url":"https:\/\/armenischeschule.ch\/en\/","name":"Armenische Schule Z\u00fcrich","description":"","publisher":{"@id":"https:\/\/armenischeschule.ch\/en\/#organization"},"potentialAction":[{"@type":"SearchAction","target":{"@type":"EntryPoint","urlTemplate":"https:\/\/armenischeschule.ch\/en\/?s={search_term_string}"},"query-input":{"@type":"PropertyValueSpecification","valueRequired":true,"valueName":"search_term_string"}}],"inLanguage":"de"},{"@type":"Organization","@id":"https:\/\/armenischeschule.ch\/en\/#organization","name":"Armenische Schule Z\u00fcrich","url":"https:\/\/armenischeschule.ch\/en\/","logo":{"@type":"ImageObject","inLanguage":"de","@id":"https:\/\/armenischeschule.ch\/en\/#\/schema\/logo\/image\/","url":"https:\/\/armenischeschule.ch\/wp-content\/uploads\/2023\/09\/cropped-ASZ_Logo-e1730993653738.png","contentUrl":"https:\/\/armenischeschule.ch\/wp-content\/uploads\/2023\/09\/cropped-ASZ_Logo-e1730993653738.png","width":579,"height":410,"caption":"Armenische Schule Z\u00fcrich"},"image":{"@id":"https:\/\/armenischeschule.ch\/en\/#\/schema\/logo\/image\/"},"sameAs":["https:\/\/www.facebook.com\/people\/Armenische-Schule-Zrich\/100075947446217"]}]}},"campaignId":"","jetpack_sharing_enabled":true,"_links":{"self":[{"href":"https:\/\/armenischeschule.ch\/de\/wp-json\/wp\/v2\/pages\/32066","targetHints":{"allow":["GET"]}}],"collection":[{"href":"https:\/\/armenischeschule.ch\/de\/wp-json\/wp\/v2\/pages"}],"about":[{"href":"https:\/\/armenischeschule.ch\/de\/wp-json\/wp\/v2\/types\/page"}],"author":[{"embeddable":true,"href":"https:\/\/armenischeschule.ch\/de\/wp-json\/wp\/v2\/users\/1"}],"replies":[{"embeddable":true,"href":"https:\/\/armenischeschule.ch\/de\/wp-json\/wp\/v2\/comments?post=32066"}],"version-history":[{"count":381,"href":"https:\/\/armenischeschule.ch\/de\/wp-json\/wp\/v2\/pages\/32066\/revisions"}],"predecessor-version":[{"id":44655,"href":"https:\/\/armenischeschule.ch\/de\/wp-json\/wp\/v2\/pages\/32066\/revisions\/44655"}],"wp:attachment":[{"href":"https:\/\/armenischeschule.ch\/de\/wp-json\/wp\/v2\/media?parent=32066"}],"curies":[{"name":"wp","href":"https:\/\/api.w.org\/{rel}","templated":true}]}}