{"id":29416,"date":"2023-09-03T21:49:32","date_gmt":"2023-09-03T19:49:32","guid":{"rendered":"https:\/\/armenischeschule.ch\/?page_id=29416"},"modified":"2026-02-13T15:27:55","modified_gmt":"2026-02-13T14:27:55","slug":"our-mission","status":"publish","type":"page","link":"https:\/\/armenischeschule.ch\/de\/our-school\/our-mission\/","title":{"rendered":"Unser Ziel"},"content":{"rendered":"<div data-elementor-type=\"wp-page\" data-elementor-id=\"29416\" class=\"elementor elementor-29416\">\n\t\t\t\t\t\t<section class=\"elementor-section elementor-top-section elementor-element elementor-element-de4320f elementor-section-boxed elementor-section-height-default elementor-section-height-default\" data-id=\"de4320f\" data-element_type=\"section\" data-e-type=\"section\" data-settings=\"{&quot;background_background&quot;:&quot;classic&quot;}\">\n\t\t\t\t\t\t<div class=\"elementor-container elementor-column-gap-no\">\n\t\t\t\t\t<div class=\"elementor-column elementor-col-100 elementor-top-column elementor-element elementor-element-7bdf3cf\" data-id=\"7bdf3cf\" data-element_type=\"column\" data-e-type=\"column\">\n\t\t\t<div class=\"elementor-widget-wrap elementor-element-populated\">\n\t\t\t\t\t\t<div class=\"elementor-element elementor-element-61bec78 elementor-widget elementor-widget-heading\" data-id=\"61bec78\" data-element_type=\"widget\" data-e-type=\"widget\" data-widget_type=\"heading.default\">\n\t\t\t\t<div class=\"elementor-widget-container\">\n\t\t\t\t\t<h2 class=\"elementor-heading-title elementor-size-default\">Unser Ziel<\/h2>\t\t\t\t<\/div>\n\t\t\t\t<\/div>\n\t\t\t\t\t<\/div>\n\t\t<\/div>\n\t\t\t\t\t<\/div>\n\t\t<\/section>\n\t\t<div class=\"elementor-element elementor-element-b61b353 e-con-full e-flex e-con e-parent\" data-id=\"b61b353\" data-element_type=\"container\" data-e-type=\"container\" data-settings=\"{&quot;background_background&quot;:&quot;classic&quot;}\">\n\t\t\t\t<div class=\"elementor-element elementor-element-e688ed4 elementor-widget elementor-widget-heading\" data-id=\"e688ed4\" data-element_type=\"widget\" data-e-type=\"widget\" data-widget_type=\"heading.default\">\n\t\t\t\t<div class=\"elementor-widget-container\">\n\t\t\t\t\t<h4 class=\"elementor-heading-title elementor-size-default\">Unser Ziel<\/h4>\t\t\t\t<\/div>\n\t\t\t\t<\/div>\n\t\t\t\t<div class=\"elementor-element elementor-element-0a7dc3e elementor-widget__width-initial elementor-widget elementor-widget-text-editor\" data-id=\"0a7dc3e\" data-element_type=\"widget\" data-e-type=\"widget\" data-widget_type=\"text-editor.default\">\n\t\t\t\t<div class=\"elementor-widget-container\">\n\t\t\t\t\t\t\t\t\t<p>Das Ziel der Armenischen Schule Z\u00fcrich (ASZ) ist es, ein armenischsprachiges Umfeld zu f\u00f6rdern, in dem die Kinder ihre Kenntnisse der armenischen Sprache und Kultur erweitern und Spass haben k\u00f6nnen.<\/p>\n<ul>\n \t<li>Wir helfen, das Erbe des armenischen Volkes, die Sprache, Kultur und Tradition zu bewahren.<\/li>\n \t<li>Wir helfen unseren Sch\u00fclern nicht nur, ihre Kenntnisse der armenischen Sprache zu verbessern, sondern auch eine gute Sprachgrundlage zu errichten.<\/li>\n \t<li>Das Lernen der armenischen Sprache soll Spass machen.<\/li>\n<\/ul>\n<p>Unsere Schule bezweckt:<\/p>\n<ul>\n \t<li style=\"font-size: 16px;\">Verbesserung der Kenntnisse im Sprechen, Schreiben, Lesen, der Kultur, der Literatur, von Liedern, im Tanz und in armenischer Geschichte und viel mehr.<\/li>\n \t<li>Verwendung einer grossen Auswahl an audiovisuellen Materialien, um die armenische Sprache zu f\u00f6rdern.<\/li>\n \t<li style=\"font-size: 16px;\">Den Sch\u00fclern die Grundlagen des armenischen Geistes zu vermitteln, um ihr Engagement f\u00fcr die traditionellen armenischen Werte zu f\u00f6rdern.<\/li>\n \t<li style=\"font-size: 16px;\">Regelm\u00e4ssige Verbesserung unserer Programme.<\/li>\n \t<li>Organisation neuer Kultur- und Bildungsereignisse im Laufe des Jahres.<\/li>\n \t<li>Sprachunterricht in einer freundlichen Umgebung, die von unseren Mitarbeitern, Lehrern und Eltern gestaltet wird.<\/li>\n<\/ul>\t\t\t\t\t\t\t\t<\/div>\n\t\t\t\t<\/div>\n\t\t\t\t<\/div>\n\t\t<div class=\"elementor-element elementor-element-306adad e-con-full e-flex e-con e-parent\" data-id=\"306adad\" data-element_type=\"container\" data-e-type=\"container\" data-settings=\"{&quot;background_background&quot;:&quot;classic&quot;}\">\n\t\t<div class=\"elementor-element elementor-element-51ab86b e-con-full e-flex e-con e-child\" data-id=\"51ab86b\" data-element_type=\"container\" data-e-type=\"container\">\n\t\t\t\t<div class=\"elementor-element elementor-element-a646958 elementor-view-default elementor-widget elementor-widget-icon\" data-id=\"a646958\" data-element_type=\"widget\" data-e-type=\"widget\" data-widget_type=\"icon.default\">\n\t\t\t\t<div class=\"elementor-widget-container\">\n\t\t\t\t\t\t\t<div class=\"elementor-icon-wrapper\">\n\t\t\t<div class=\"elementor-icon\">\n\t\t\t<svg aria-hidden=\"true\" class=\"e-font-icon-svg e-fas-quote-left\" viewbox=\"0 0 512 512\" xmlns=\"http:\/\/www.w3.org\/2000\/svg\"><path d=\"M464 256h-80v-64c0-35.3 28.7-64 64-64h8c13.3 0 24-10.7 24-24V56c0-13.3-10.7-24-24-24h-8c-88.4 0-160 71.6-160 160v240c0 26.5 21.5 48 48 48h128c26.5 0 48-21.5 48-48V304c0-26.5-21.5-48-48-48zm-288 0H96v-64c0-35.3 28.7-64 64-64h8c13.3 0 24-10.7 24-24V56c0-13.3-10.7-24-24-24h-8C71.6 32 0 103.6 0 192v240c0 26.5 21.5 48 48 48h128c26.5 0 48-21.5 48-48V304c0-26.5-21.5-48-48-48z\"><\/path><\/svg>\t\t\t<\/div>\n\t\t<\/div>\n\t\t\t\t\t\t<\/div>\n\t\t\t\t<\/div>\n\t\t\t\t<div class=\"elementor-element elementor-element-a95b756 elementor-widget__width-initial elementor-widget-tablet__width-initial elementor-widget elementor-widget-text-editor\" data-id=\"a95b756\" data-element_type=\"widget\" data-e-type=\"widget\" data-widget_type=\"text-editor.default\">\n\t\t\t\t<div class=\"elementor-widget-container\">\n\t\t\t\t\t\t\t\t\t<h5>Die Sprache ist die gr\u00f6sste Besonderheit der nationalen Existenz und das Wesen eines jeden Volkes, der gr\u00f6sste Stempel der Unabh\u00e4ngigkeit und des Intellekts, der magische Schl\u00fcssel der Geschichte und der entfernten Vergangenheit, der reichste Schatz an geistigen M\u00f6glichkeiten, Seele und Psychologie.<\/h5>\t\t\t\t\t\t\t\t<\/div>\n\t\t\t\t<\/div>\n\t\t\t\t<div class=\"elementor-element elementor-element-6d350ef elementor-widget elementor-widget-heading\" data-id=\"6d350ef\" data-element_type=\"widget\" data-e-type=\"widget\" data-widget_type=\"heading.default\">\n\t\t\t\t<div class=\"elementor-widget-container\">\n\t\t\t\t\t<h6 class=\"elementor-heading-title elementor-size-default\">Hovhannes Tumanyan \u2013 Armenischer Dichter<\/h6>\t\t\t\t<\/div>\n\t\t\t\t<\/div>\n\t\t\t\t<\/div>\n\t\t\t\t<\/div>\n\t\t<div class=\"elementor-element elementor-element-d8420a3 e-flex e-con-boxed e-con e-parent\" data-id=\"d8420a3\" data-element_type=\"container\" data-e-type=\"container\" data-settings=\"{&quot;background_background&quot;:&quot;classic&quot;}\">\n\t\t\t\t\t<div class=\"e-con-inner\">\n\t\t\t\t<div class=\"elementor-element elementor-element-9116f84 elementor-widget elementor-widget-spacer\" data-id=\"9116f84\" data-element_type=\"widget\" data-e-type=\"widget\" data-widget_type=\"spacer.default\">\n\t\t\t\t<div class=\"elementor-widget-container\">\n\t\t\t\t\t\t\t<div class=\"elementor-spacer\">\n\t\t\t<div class=\"elementor-spacer-inner\"><\/div>\n\t\t<\/div>\n\t\t\t\t\t\t<\/div>\n\t\t\t\t<\/div>\n\t\t\t\t\t<\/div>\n\t\t\t\t<\/div>\n\t\t\t\t<\/div>","protected":false},"excerpt":{"rendered":"<p>Our Mission Our Mission The mission of Armenische Schule Z\u00fcrich (AMZ) is to create an Armenian-speaking environment, where children can enhance their knowledge in Armenian language and culture and have fun. We help preserve the heritage of the Armenian people, language, culture and tradition We help our students not only improve their knowledge of Armenian [&hellip;]<\/p>\n","protected":false},"author":1,"featured_media":0,"parent":30372,"menu_order":0,"comment_status":"closed","ping_status":"open","template":"","meta":{"give_campaign_id":0,"site-sidebar-layout":"no-sidebar","site-content-layout":"page-builder","ast-site-content-layout":"full-width-container","site-content-style":"unboxed","site-sidebar-style":"unboxed","ast-global-header-display":"","ast-banner-title-visibility":"","ast-main-header-display":"","ast-hfb-above-header-display":"","ast-hfb-below-header-display":"","ast-hfb-mobile-header-display":"","site-post-title":"disabled","ast-breadcrumbs-content":"disabled","ast-featured-img":"disabled","footer-sml-layout":"","ast-disable-related-posts":"","theme-transparent-header-meta":"default","adv-header-id-meta":"","stick-header-meta":"","header-above-stick-meta":"","header-main-stick-meta":"","header-below-stick-meta":"","astra-migrate-meta-layouts":"set","ast-page-background-enabled":"default","ast-page-background-meta":{"desktop":{"background-color":"","background-image":"","background-repeat":"repeat","background-position":"center center","background-size":"auto","background-attachment":"scroll","background-type":"","background-media":"","overlay-type":"","overlay-color":"","overlay-opacity":"","overlay-gradient":""},"tablet":{"background-color":"","background-image":"","background-repeat":"repeat","background-position":"center center","background-size":"auto","background-attachment":"scroll","background-type":"","background-media":"","overlay-type":"","overlay-color":"","overlay-opacity":"","overlay-gradient":""},"mobile":{"background-color":"","background-image":"","background-repeat":"repeat","background-position":"center center","background-size":"auto","background-attachment":"scroll","background-type":"","background-media":"","overlay-type":"","overlay-color":"","overlay-opacity":"","overlay-gradient":""}},"ast-content-background-meta":{"desktop":{"background-color":"var(--ast-global-color-5)","background-image":"","background-repeat":"repeat","background-position":"center center","background-size":"auto","background-attachment":"scroll","background-type":"","background-media":"","overlay-type":"","overlay-color":"","overlay-opacity":"","overlay-gradient":""},"tablet":{"background-color":"var(--ast-global-color-5)","background-image":"","background-repeat":"repeat","background-position":"center center","background-size":"auto","background-attachment":"scroll","background-type":"","background-media":"","overlay-type":"","overlay-color":"","overlay-opacity":"","overlay-gradient":""},"mobile":{"background-color":"var(--ast-global-color-5)","background-image":"","background-repeat":"repeat","background-position":"center center","background-size":"auto","background-attachment":"scroll","background-type":"","background-media":"","overlay-type":"","overlay-color":"","overlay-opacity":"","overlay-gradient":""}},"footnotes":""},"class_list":["post-29416","page","type-page","status-publish","hentry"],"yoast_head":"<!-- This site is optimized with the Yoast SEO plugin v27.5 - https:\/\/yoast.com\/product\/yoast-seo-wordpress\/ -->\n<title>Armenische Schule Z\u00fcrich \u2013 Our Mission &amp; Values<\/title>\n<meta name=\"description\" content=\"Our school&#039;s mission is to help our students not only improve their knowledge of Armenian language and culture, but also set a good foundation.\" \/>\n<meta name=\"robots\" content=\"index, follow, max-snippet:-1, max-image-preview:large, max-video-preview:-1\" \/>\n<link rel=\"canonical\" href=\"https:\/\/armenischeschule.ch\/de\/our-school\/our-mission\/\" \/>\n<meta property=\"og:locale\" content=\"de_DE\" \/>\n<meta property=\"og:type\" content=\"article\" \/>\n<meta property=\"og:title\" content=\"Armenische Schule Z\u00fcrich \u2013 Our Mission &amp; Values\" \/>\n<meta property=\"og:description\" content=\"Our school&#039;s mission is to help our students not only improve their knowledge of Armenian language and culture, but also set a good foundation.\" \/>\n<meta property=\"og:url\" content=\"https:\/\/armenischeschule.ch\/de\/our-school\/our-mission\/\" \/>\n<meta property=\"og:site_name\" content=\"Armenische Schule Z\u00fcrich\" \/>\n<meta property=\"article:publisher\" content=\"https:\/\/www.facebook.com\/people\/Armenische-Schule-Zrich\/100075947446217\" \/>\n<meta property=\"article:modified_time\" content=\"2026-02-13T14:27:55+00:00\" \/>\n<meta name=\"twitter:card\" content=\"summary_large_image\" \/>\n<meta name=\"twitter:label1\" content=\"Gesch\u00e4tzte Lesezeit\" \/>\n\t<meta name=\"twitter:data1\" content=\"1\u00a0Minute\" \/>\n<script type=\"application\/ld+json\" class=\"yoast-schema-graph\">{\"@context\":\"https:\\\/\\\/schema.org\",\"@graph\":[{\"@type\":\"WebPage\",\"@id\":\"https:\\\/\\\/armenischeschule.ch\\\/our-school\\\/our-mission\\\/\",\"url\":\"https:\\\/\\\/armenischeschule.ch\\\/our-school\\\/our-mission\\\/\",\"name\":\"Armenische Schule Z\u00fcrich \u2013 Our Mission & Values\",\"isPartOf\":{\"@id\":\"https:\\\/\\\/armenischeschule.ch\\\/en\\\/#website\"},\"datePublished\":\"2023-09-03T19:49:32+00:00\",\"dateModified\":\"2026-02-13T14:27:55+00:00\",\"description\":\"Our school's mission is to help our students not only improve their knowledge of Armenian language and culture, but also set a good foundation.\",\"breadcrumb\":{\"@id\":\"https:\\\/\\\/armenischeschule.ch\\\/our-school\\\/our-mission\\\/#breadcrumb\"},\"inLanguage\":\"de\",\"potentialAction\":[{\"@type\":\"ReadAction\",\"target\":[\"https:\\\/\\\/armenischeschule.ch\\\/our-school\\\/our-mission\\\/\"]}]},{\"@type\":\"BreadcrumbList\",\"@id\":\"https:\\\/\\\/armenischeschule.ch\\\/our-school\\\/our-mission\\\/#breadcrumb\",\"itemListElement\":[{\"@type\":\"ListItem\",\"position\":1,\"name\":\"Home\",\"item\":\"https:\\\/\\\/armenischeschule.ch\\\/\"},{\"@type\":\"ListItem\",\"position\":2,\"name\":\"Our School\",\"item\":\"https:\\\/\\\/armenischeschule.ch\\\/our-school\\\/\"},{\"@type\":\"ListItem\",\"position\":3,\"name\":\"Our Mission\"}]},{\"@type\":\"WebSite\",\"@id\":\"https:\\\/\\\/armenischeschule.ch\\\/en\\\/#website\",\"url\":\"https:\\\/\\\/armenischeschule.ch\\\/en\\\/\",\"name\":\"Armenische Schule Z\u00fcrich\",\"description\":\"\",\"publisher\":{\"@id\":\"https:\\\/\\\/armenischeschule.ch\\\/en\\\/#organization\"},\"potentialAction\":[{\"@type\":\"SearchAction\",\"target\":{\"@type\":\"EntryPoint\",\"urlTemplate\":\"https:\\\/\\\/armenischeschule.ch\\\/en\\\/?s={search_term_string}\"},\"query-input\":{\"@type\":\"PropertyValueSpecification\",\"valueRequired\":true,\"valueName\":\"search_term_string\"}}],\"inLanguage\":\"de\"},{\"@type\":\"Organization\",\"@id\":\"https:\\\/\\\/armenischeschule.ch\\\/en\\\/#organization\",\"name\":\"Armenische Schule Z\u00fcrich\",\"url\":\"https:\\\/\\\/armenischeschule.ch\\\/en\\\/\",\"logo\":{\"@type\":\"ImageObject\",\"inLanguage\":\"de\",\"@id\":\"https:\\\/\\\/armenischeschule.ch\\\/en\\\/#\\\/schema\\\/logo\\\/image\\\/\",\"url\":\"https:\\\/\\\/armenischeschule.ch\\\/wp-content\\\/uploads\\\/2023\\\/09\\\/cropped-ASZ_Logo-e1730993653738.png\",\"contentUrl\":\"https:\\\/\\\/armenischeschule.ch\\\/wp-content\\\/uploads\\\/2023\\\/09\\\/cropped-ASZ_Logo-e1730993653738.png\",\"width\":579,\"height\":410,\"caption\":\"Armenische Schule Z\u00fcrich\"},\"image\":{\"@id\":\"https:\\\/\\\/armenischeschule.ch\\\/en\\\/#\\\/schema\\\/logo\\\/image\\\/\"},\"sameAs\":[\"https:\\\/\\\/www.facebook.com\\\/people\\\/Armenische-Schule-Zrich\\\/100075947446217\"]}]}<\/script>\n<!-- \/ Yoast SEO plugin. -->","yoast_head_json":{"title":"Armenische Schule Z\u00fcrich \u2013 Our Mission & Values","description":"Our school's mission is to help our students not only improve their knowledge of Armenian language and culture, but also set a good foundation.","robots":{"index":"index","follow":"follow","max-snippet":"max-snippet:-1","max-image-preview":"max-image-preview:large","max-video-preview":"max-video-preview:-1"},"canonical":"https:\/\/armenischeschule.ch\/de\/our-school\/our-mission\/","og_locale":"de_DE","og_type":"article","og_title":"Armenische Schule Z\u00fcrich \u2013 Our Mission & Values","og_description":"Our school's mission is to help our students not only improve their knowledge of Armenian language and culture, but also set a good foundation.","og_url":"https:\/\/armenischeschule.ch\/de\/our-school\/our-mission\/","og_site_name":"Armenische Schule Z\u00fcrich","article_publisher":"https:\/\/www.facebook.com\/people\/Armenische-Schule-Zrich\/100075947446217","article_modified_time":"2026-02-13T14:27:55+00:00","twitter_card":"summary_large_image","twitter_misc":{"Gesch\u00e4tzte Lesezeit":"1\u00a0Minute"},"schema":{"@context":"https:\/\/schema.org","@graph":[{"@type":"WebPage","@id":"https:\/\/armenischeschule.ch\/our-school\/our-mission\/","url":"https:\/\/armenischeschule.ch\/our-school\/our-mission\/","name":"Armenische Schule Z\u00fcrich \u2013 Our Mission & Values","isPartOf":{"@id":"https:\/\/armenischeschule.ch\/en\/#website"},"datePublished":"2023-09-03T19:49:32+00:00","dateModified":"2026-02-13T14:27:55+00:00","description":"Our school's mission is to help our students not only improve their knowledge of Armenian language and culture, but also set a good foundation.","breadcrumb":{"@id":"https:\/\/armenischeschule.ch\/our-school\/our-mission\/#breadcrumb"},"inLanguage":"de","potentialAction":[{"@type":"ReadAction","target":["https:\/\/armenischeschule.ch\/our-school\/our-mission\/"]}]},{"@type":"BreadcrumbList","@id":"https:\/\/armenischeschule.ch\/our-school\/our-mission\/#breadcrumb","itemListElement":[{"@type":"ListItem","position":1,"name":"Home","item":"https:\/\/armenischeschule.ch\/"},{"@type":"ListItem","position":2,"name":"Our School","item":"https:\/\/armenischeschule.ch\/our-school\/"},{"@type":"ListItem","position":3,"name":"Our Mission"}]},{"@type":"WebSite","@id":"https:\/\/armenischeschule.ch\/en\/#website","url":"https:\/\/armenischeschule.ch\/en\/","name":"Armenische Schule Z\u00fcrich","description":"","publisher":{"@id":"https:\/\/armenischeschule.ch\/en\/#organization"},"potentialAction":[{"@type":"SearchAction","target":{"@type":"EntryPoint","urlTemplate":"https:\/\/armenischeschule.ch\/en\/?s={search_term_string}"},"query-input":{"@type":"PropertyValueSpecification","valueRequired":true,"valueName":"search_term_string"}}],"inLanguage":"de"},{"@type":"Organization","@id":"https:\/\/armenischeschule.ch\/en\/#organization","name":"Armenische Schule Z\u00fcrich","url":"https:\/\/armenischeschule.ch\/en\/","logo":{"@type":"ImageObject","inLanguage":"de","@id":"https:\/\/armenischeschule.ch\/en\/#\/schema\/logo\/image\/","url":"https:\/\/armenischeschule.ch\/wp-content\/uploads\/2023\/09\/cropped-ASZ_Logo-e1730993653738.png","contentUrl":"https:\/\/armenischeschule.ch\/wp-content\/uploads\/2023\/09\/cropped-ASZ_Logo-e1730993653738.png","width":579,"height":410,"caption":"Armenische Schule Z\u00fcrich"},"image":{"@id":"https:\/\/armenischeschule.ch\/en\/#\/schema\/logo\/image\/"},"sameAs":["https:\/\/www.facebook.com\/people\/Armenische-Schule-Zrich\/100075947446217"]}]}},"campaignId":"","jetpack_sharing_enabled":true,"_links":{"self":[{"href":"https:\/\/armenischeschule.ch\/de\/wp-json\/wp\/v2\/pages\/29416","targetHints":{"allow":["GET"]}}],"collection":[{"href":"https:\/\/armenischeschule.ch\/de\/wp-json\/wp\/v2\/pages"}],"about":[{"href":"https:\/\/armenischeschule.ch\/de\/wp-json\/wp\/v2\/types\/page"}],"author":[{"embeddable":true,"href":"https:\/\/armenischeschule.ch\/de\/wp-json\/wp\/v2\/users\/1"}],"replies":[{"embeddable":true,"href":"https:\/\/armenischeschule.ch\/de\/wp-json\/wp\/v2\/comments?post=29416"}],"version-history":[{"count":226,"href":"https:\/\/armenischeschule.ch\/de\/wp-json\/wp\/v2\/pages\/29416\/revisions"}],"predecessor-version":[{"id":34986,"href":"https:\/\/armenischeschule.ch\/de\/wp-json\/wp\/v2\/pages\/29416\/revisions\/34986"}],"up":[{"embeddable":true,"href":"https:\/\/armenischeschule.ch\/de\/wp-json\/wp\/v2\/pages\/30372"}],"wp:attachment":[{"href":"https:\/\/armenischeschule.ch\/de\/wp-json\/wp\/v2\/media?parent=29416"}],"curies":[{"name":"wp","href":"https:\/\/api.w.org\/{rel}","templated":true}]}}