{"id":31214,"date":"2023-09-29T08:44:21","date_gmt":"2023-09-29T06:44:21","guid":{"rendered":"https:\/\/armenischeschule.ch\/?page_id=31214"},"modified":"2026-02-13T15:35:59","modified_gmt":"2026-02-13T14:35:59","slug":"school-rules","status":"publish","type":"page","link":"http:\/\/armenischeschule.ch\/de\/admission\/school-rules\/","title":{"rendered":"Schulregeln"},"content":{"rendered":"<div data-elementor-type=\"wp-page\" data-elementor-id=\"31214\" class=\"elementor elementor-31214\">\n\t\t\t\t\t\t<section class=\"elementor-section elementor-top-section elementor-element elementor-element-de4320f elementor-section-boxed elementor-section-height-default elementor-section-height-default\" data-id=\"de4320f\" data-element_type=\"section\" data-e-type=\"section\" data-settings=\"{&quot;background_background&quot;:&quot;classic&quot;}\">\n\t\t\t\t\t\t<div class=\"elementor-container elementor-column-gap-no\">\n\t\t\t\t\t<div class=\"elementor-column elementor-col-100 elementor-top-column elementor-element elementor-element-7bdf3cf\" data-id=\"7bdf3cf\" data-element_type=\"column\" data-e-type=\"column\">\n\t\t\t<div class=\"elementor-widget-wrap elementor-element-populated\">\n\t\t\t\t\t\t<div class=\"elementor-element elementor-element-61bec78 elementor-widget elementor-widget-heading\" data-id=\"61bec78\" data-element_type=\"widget\" data-e-type=\"widget\" data-widget_type=\"heading.default\">\n\t\t\t\t<div class=\"elementor-widget-container\">\n\t\t\t\t\t<h2 class=\"elementor-heading-title elementor-size-default\">Schulregeln<\/h2>\t\t\t\t<\/div>\n\t\t\t\t<\/div>\n\t\t\t\t\t<\/div>\n\t\t<\/div>\n\t\t\t\t\t<\/div>\n\t\t<\/section>\n\t\t<div class=\"elementor-element elementor-element-b61b353 e-con-full e-flex e-con e-parent\" data-id=\"b61b353\" data-element_type=\"container\" data-e-type=\"container\" data-settings=\"{&quot;background_background&quot;:&quot;classic&quot;}\">\n\t\t\t\t<div class=\"elementor-element elementor-element-e688ed4 elementor-widget elementor-widget-heading\" data-id=\"e688ed4\" data-element_type=\"widget\" data-e-type=\"widget\" data-widget_type=\"heading.default\">\n\t\t\t\t<div class=\"elementor-widget-container\">\n\t\t\t\t\t<h4 class=\"elementor-heading-title elementor-size-default\">Schulregeln und Ordnungen<\/h4>\t\t\t\t<\/div>\n\t\t\t\t<\/div>\n\t\t\t\t<div class=\"elementor-element elementor-element-0a7dc3e elementor-widget__width-initial elementor-widget elementor-widget-text-editor\" data-id=\"0a7dc3e\" data-element_type=\"widget\" data-e-type=\"widget\" data-widget_type=\"text-editor.default\">\n\t\t\t\t<div class=\"elementor-widget-container\">\n\t\t\t\t\t\t\t\t\t<div><b>Allgemeine Ordnungen<\/b><\/div>\n<ul>\n<li>Wir pflegen einen wertsch\u00e4tzenden und respektvollen Umgang untereinander.<\/li>\n<li>Die Sch\u00fcler sind selber verantwortlich f\u00fcr ihr Eigentum. Die Schule haftet nicht f\u00fcr Verluste.<\/li>\n<li>Die Lehrpersonen und Lernenden beginnen den Unterricht p\u00fcnktlich und halten die Endzeiten ein.<\/li>\n<li>Elektronische Ger\u00e4te wie Smartphone d\u00fcrfen in den Klassenr\u00e4umen nicht benutzt werden.<\/li>\n<\/ul>\n<div><b>Inner- \/ Ausserhalb des Klassenzimmers<\/b><\/div>\n<ul>\n<li>Zum Mobiliar, zum Geb\u00e4ude und der Umgebung tragen wir Sorge.<\/li>\n<li>Jede\/r haftet f\u00fcr die von ihm\/ihr verursachten Sch\u00e4den.<\/li>\n<li>Wer Besch\u00e4digungen an Schuleigentum irgendwelcher Art bemerkt oder selbst verursacht hat, meldet es einer Lehrperson oder der Schulleitung.<\/li>\n<li><span style=\"font-style: inherit; font-weight: inherit; color: var( --e-global-color-astglobalcolor2 ); text-align: var(--text-align); background-color: var( --e-global-color-astglobalcolor5 );\">Der Konsum von Essen und Getr\u00e4nken ist prinzipiell in s\u00e4mtlichen Klassenzimmern nicht erlaubt. Dieses Verbot gilt auch f\u00fcr Korridore, Treppenh\u00e4user.<\/span><\/li>\n<li>Das Trinken von Wasser aus wiederverschliessbaren Gebinden ist im Schulzimmer zugelassen.<\/li>\n<\/ul>\n<div><b>Anwesenheit<\/b><\/div>\n<ul>\n<li>Es wird erwartet, dass die Lernenden die Schule regelm\u00e4ssig besuchen. Allf\u00e4llige Abwesenheiten m\u00fcssen begr\u00fcndet werden.<\/li>\n<li>F\u00fcr voraussehbare Absenzen ist die Schulleitung so fr\u00fch wie m\u00f6glich zu informieren.<\/li>\n<li>Als Versp\u00e4tung gilt ein Eintreffen im Klassenzimmer nach dem Unterrichtsbeginn. Versp\u00e4tungen werden von der Lehrperson in einer Liste vermerkt. Bei H\u00e4ufungen von Versp\u00e4tungen wird die Schulleitung die Eltern des Sch\u00fclers kontaktieren.<\/li>\n<li>Abmeldung von der Schule erfolgt pers\u00f6nlich oder schriftlich mit einer Mitteilung an die Schulleitung.<\/li>\n<\/ul>\n<div><b>Verhaltensregeln<\/b><\/div>\n<ul>\n<li>Eltern achten darauf, dass sich die Sch\u00fcler auf dem Schulgel\u00e4nde ordentlich verhalten.<\/li>\n<li>Die Eltern achten darauf, dass der Pausenraum wieder sauber und ordentlich verlassen wird.<\/li>\n<li><span style=\"font-style: inherit; font-weight: inherit; color: var( --e-global-color-astglobalcolor2 ); text-align: var(--text-align); background-color: var( --e-global-color-astglobalcolor5 );\">Die Schulleitung tr\u00e4gt keine Verantwortung f\u00fcr die ausserhalb der Schulzeiten von Eltern geplanten und durchgef\u00fchrten Anl\u00e4sse.<\/span><\/li>\n<li>F\u00fcr alle Fragen und Anliegen steht die Schulleitung zur Verf\u00fcgung.<\/li>\n<\/ul>\n<div><b>Schultarife und Bezahlung<\/b><\/div>\n<ul>\n<li>Die Schulgelder k\u00f6nnen entweder zu Beginn des Schuljahres in voller H\u00f6he oder pro Semester bezahlt werden. Das Schulgeld kann nicht zur\u00fcckerstattet werden.<\/li>\n<li>Bei Abwesenheit, auch bei Krankheit, Urlaub, gesetzlichen Feiertagen oder h\u00f6herer Gewalt, wird das Schulgeld nicht zur\u00fcckerstattet werden.<\/li>\n<li>Jederzeit ist ein Schnuppertag vor der offiziellen Anmeldung m\u00f6glich. Nach drei erfolgten Schnuppertagen ist das Schulgeld f\u00e4llig.<\/li>\n<\/ul>\t\t\t\t\t\t\t\t<\/div>\n\t\t\t\t<\/div>\n\t\t\t\t<\/div>\n\t\t\t\t<\/div>","protected":false},"excerpt":{"rendered":"<p>School Rules School Rules &#038; Regulations General Rules We maintain appreciative and respectful interactions with one another. Students are responsible for their own property. The school is not liable for losses. Teachers and students make sure that the classes begin and end on time. Usage of electronic devices, such as smart phones, is not permitted [&hellip;]<\/p>\n","protected":false},"author":1,"featured_media":0,"parent":31861,"menu_order":0,"comment_status":"closed","ping_status":"closed","template":"","meta":{"give_campaign_id":0,"site-sidebar-layout":"no-sidebar","site-content-layout":"page-builder","ast-site-content-layout":"full-width-container","site-content-style":"unboxed","site-sidebar-style":"unboxed","ast-global-header-display":"","ast-banner-title-visibility":"","ast-main-header-display":"","ast-hfb-above-header-display":"","ast-hfb-below-header-display":"","ast-hfb-mobile-header-display":"","site-post-title":"disabled","ast-breadcrumbs-content":"disabled","ast-featured-img":"disabled","footer-sml-layout":"","ast-disable-related-posts":"","theme-transparent-header-meta":"default","adv-header-id-meta":"","stick-header-meta":"","header-above-stick-meta":"","header-main-stick-meta":"","header-below-stick-meta":"","astra-migrate-meta-layouts":"set","ast-page-background-enabled":"default","ast-page-background-meta":{"desktop":{"background-color":"","background-image":"","background-repeat":"repeat","background-position":"center center","background-size":"auto","background-attachment":"scroll","background-type":"","background-media":"","overlay-type":"","overlay-color":"","overlay-opacity":"","overlay-gradient":""},"tablet":{"background-color":"","background-image":"","background-repeat":"repeat","background-position":"center center","background-size":"auto","background-attachment":"scroll","background-type":"","background-media":"","overlay-type":"","overlay-color":"","overlay-opacity":"","overlay-gradient":""},"mobile":{"background-color":"","background-image":"","background-repeat":"repeat","background-position":"center center","background-size":"auto","background-attachment":"scroll","background-type":"","background-media":"","overlay-type":"","overlay-color":"","overlay-opacity":"","overlay-gradient":""}},"ast-content-background-meta":{"desktop":{"background-color":"var(--ast-global-color-5)","background-image":"","background-repeat":"repeat","background-position":"center center","background-size":"auto","background-attachment":"scroll","background-type":"","background-media":"","overlay-type":"","overlay-color":"","overlay-opacity":"","overlay-gradient":""},"tablet":{"background-color":"var(--ast-global-color-5)","background-image":"","background-repeat":"repeat","background-position":"center center","background-size":"auto","background-attachment":"scroll","background-type":"","background-media":"","overlay-type":"","overlay-color":"","overlay-opacity":"","overlay-gradient":""},"mobile":{"background-color":"var(--ast-global-color-5)","background-image":"","background-repeat":"repeat","background-position":"center center","background-size":"auto","background-attachment":"scroll","background-type":"","background-media":"","overlay-type":"","overlay-color":"","overlay-opacity":"","overlay-gradient":""}},"footnotes":""},"class_list":["post-31214","page","type-page","status-publish","hentry"],"yoast_head":"<!-- This site is optimized with the Yoast SEO plugin v27.5 - https:\/\/yoast.com\/product\/yoast-seo-wordpress\/ -->\n<title>Armenische Schule Z\u00fcrich \u2013 School Rules<\/title>\n<meta name=\"description\" content=\"Learn more about the school rules and regulations at Armenische Schule Z\u00fcrich.\" \/>\n<meta name=\"robots\" content=\"index, follow, max-snippet:-1, max-image-preview:large, max-video-preview:-1\" \/>\n<link rel=\"canonical\" href=\"https:\/\/armenischeschule.ch\/de\/admission\/school-rules\/\" \/>\n<meta property=\"og:locale\" content=\"de_DE\" \/>\n<meta property=\"og:type\" content=\"article\" \/>\n<meta property=\"og:title\" content=\"Armenische Schule Z\u00fcrich \u2013 School Rules\" \/>\n<meta property=\"og:description\" content=\"Learn more about the school rules and regulations at Armenische Schule Z\u00fcrich.\" \/>\n<meta property=\"og:url\" content=\"https:\/\/armenischeschule.ch\/de\/admission\/school-rules\/\" \/>\n<meta property=\"og:site_name\" content=\"Armenische Schule Z\u00fcrich\" \/>\n<meta property=\"article:publisher\" content=\"https:\/\/www.facebook.com\/people\/Armenische-Schule-Zrich\/100075947446217\" \/>\n<meta property=\"article:modified_time\" content=\"2026-02-13T14:35:59+00:00\" \/>\n<meta name=\"twitter:card\" content=\"summary_large_image\" \/>\n<meta name=\"twitter:label1\" content=\"Gesch\u00e4tzte Lesezeit\" \/>\n\t<meta name=\"twitter:data1\" content=\"2\u00a0Minuten\" \/>\n<script type=\"application\/ld+json\" class=\"yoast-schema-graph\">{\"@context\":\"https:\\\/\\\/schema.org\",\"@graph\":[{\"@type\":\"WebPage\",\"@id\":\"https:\\\/\\\/armenischeschule.ch\\\/admission\\\/school-rules\\\/\",\"url\":\"https:\\\/\\\/armenischeschule.ch\\\/admission\\\/school-rules\\\/\",\"name\":\"Armenische Schule Z\u00fcrich \u2013 School Rules\",\"isPartOf\":{\"@id\":\"https:\\\/\\\/armenischeschule.ch\\\/en\\\/#website\"},\"datePublished\":\"2023-09-29T06:44:21+00:00\",\"dateModified\":\"2026-02-13T14:35:59+00:00\",\"description\":\"Learn more about the school rules and regulations at Armenische Schule Z\u00fcrich.\",\"breadcrumb\":{\"@id\":\"https:\\\/\\\/armenischeschule.ch\\\/admission\\\/school-rules\\\/#breadcrumb\"},\"inLanguage\":\"de\",\"potentialAction\":[{\"@type\":\"ReadAction\",\"target\":[\"https:\\\/\\\/armenischeschule.ch\\\/admission\\\/school-rules\\\/\"]}]},{\"@type\":\"BreadcrumbList\",\"@id\":\"https:\\\/\\\/armenischeschule.ch\\\/admission\\\/school-rules\\\/#breadcrumb\",\"itemListElement\":[{\"@type\":\"ListItem\",\"position\":1,\"name\":\"Home\",\"item\":\"https:\\\/\\\/armenischeschule.ch\\\/\"},{\"@type\":\"ListItem\",\"position\":2,\"name\":\"Admission\",\"item\":\"https:\\\/\\\/armenischeschule.ch\\\/admission\\\/\"},{\"@type\":\"ListItem\",\"position\":3,\"name\":\"School Rules\"}]},{\"@type\":\"WebSite\",\"@id\":\"https:\\\/\\\/armenischeschule.ch\\\/en\\\/#website\",\"url\":\"https:\\\/\\\/armenischeschule.ch\\\/en\\\/\",\"name\":\"Armenische Schule Z\u00fcrich\",\"description\":\"\",\"publisher\":{\"@id\":\"https:\\\/\\\/armenischeschule.ch\\\/en\\\/#organization\"},\"potentialAction\":[{\"@type\":\"SearchAction\",\"target\":{\"@type\":\"EntryPoint\",\"urlTemplate\":\"https:\\\/\\\/armenischeschule.ch\\\/en\\\/?s={search_term_string}\"},\"query-input\":{\"@type\":\"PropertyValueSpecification\",\"valueRequired\":true,\"valueName\":\"search_term_string\"}}],\"inLanguage\":\"de\"},{\"@type\":\"Organization\",\"@id\":\"https:\\\/\\\/armenischeschule.ch\\\/en\\\/#organization\",\"name\":\"Armenische Schule Z\u00fcrich\",\"url\":\"https:\\\/\\\/armenischeschule.ch\\\/en\\\/\",\"logo\":{\"@type\":\"ImageObject\",\"inLanguage\":\"de\",\"@id\":\"https:\\\/\\\/armenischeschule.ch\\\/en\\\/#\\\/schema\\\/logo\\\/image\\\/\",\"url\":\"https:\\\/\\\/armenischeschule.ch\\\/wp-content\\\/uploads\\\/2023\\\/09\\\/cropped-ASZ_Logo-e1730993653738.png\",\"contentUrl\":\"https:\\\/\\\/armenischeschule.ch\\\/wp-content\\\/uploads\\\/2023\\\/09\\\/cropped-ASZ_Logo-e1730993653738.png\",\"width\":579,\"height\":410,\"caption\":\"Armenische Schule Z\u00fcrich\"},\"image\":{\"@id\":\"https:\\\/\\\/armenischeschule.ch\\\/en\\\/#\\\/schema\\\/logo\\\/image\\\/\"},\"sameAs\":[\"https:\\\/\\\/www.facebook.com\\\/people\\\/Armenische-Schule-Zrich\\\/100075947446217\"]}]}<\/script>\n<!-- \/ Yoast SEO plugin. -->","yoast_head_json":{"title":"Armenische Schule Z\u00fcrich \u2013 School Rules","description":"Lernen sie mehr \u00fcber die Schulregeln der Armenische Schule Z\u00fcrich.","robots":{"index":"index","follow":"follow","max-snippet":"max-snippet:-1","max-image-preview":"max-image-preview:large","max-video-preview":"max-video-preview:-1"},"canonical":"https:\/\/armenischeschule.ch\/de\/admission\/school-rules\/","og_locale":"de_DE","og_type":"article","og_title":"Armenische Schule Z\u00fcrich \u2013 School Rules","og_description":"Learn more about the school rules and regulations at Armenische Schule Z\u00fcrich.","og_url":"https:\/\/armenischeschule.ch\/de\/admission\/school-rules\/","og_site_name":"Armenische Schule Z\u00fcrich","article_publisher":"https:\/\/www.facebook.com\/people\/Armenische-Schule-Zrich\/100075947446217","article_modified_time":"2026-02-13T14:35:59+00:00","twitter_card":"summary_large_image","twitter_misc":{"Gesch\u00e4tzte Lesezeit":"2\u00a0Minuten"},"schema":{"@context":"https:\/\/schema.org","@graph":[{"@type":"WebPage","@id":"https:\/\/armenischeschule.ch\/admission\/school-rules\/","url":"https:\/\/armenischeschule.ch\/admission\/school-rules\/","name":"Armenische Schule Z\u00fcrich \u2013 School Rules","isPartOf":{"@id":"https:\/\/armenischeschule.ch\/en\/#website"},"datePublished":"2023-09-29T06:44:21+00:00","dateModified":"2026-02-13T14:35:59+00:00","description":"Lernen sie mehr \u00fcber die Schulregeln der Armenische Schule Z\u00fcrich.","breadcrumb":{"@id":"https:\/\/armenischeschule.ch\/admission\/school-rules\/#breadcrumb"},"inLanguage":"de","potentialAction":[{"@type":"ReadAction","target":["https:\/\/armenischeschule.ch\/admission\/school-rules\/"]}]},{"@type":"BreadcrumbList","@id":"https:\/\/armenischeschule.ch\/admission\/school-rules\/#breadcrumb","itemListElement":[{"@type":"ListItem","position":1,"name":"Home","item":"https:\/\/armenischeschule.ch\/"},{"@type":"ListItem","position":2,"name":"Admission","item":"https:\/\/armenischeschule.ch\/admission\/"},{"@type":"ListItem","position":3,"name":"School Rules"}]},{"@type":"WebSite","@id":"https:\/\/armenischeschule.ch\/en\/#website","url":"https:\/\/armenischeschule.ch\/en\/","name":"Armenische Schule Z\u00fcrich","description":"","publisher":{"@id":"https:\/\/armenischeschule.ch\/en\/#organization"},"potentialAction":[{"@type":"SearchAction","target":{"@type":"EntryPoint","urlTemplate":"https:\/\/armenischeschule.ch\/en\/?s={search_term_string}"},"query-input":{"@type":"PropertyValueSpecification","valueRequired":true,"valueName":"search_term_string"}}],"inLanguage":"de"},{"@type":"Organization","@id":"https:\/\/armenischeschule.ch\/en\/#organization","name":"Armenische Schule Z\u00fcrich","url":"https:\/\/armenischeschule.ch\/en\/","logo":{"@type":"ImageObject","inLanguage":"de","@id":"https:\/\/armenischeschule.ch\/en\/#\/schema\/logo\/image\/","url":"https:\/\/armenischeschule.ch\/wp-content\/uploads\/2023\/09\/cropped-ASZ_Logo-e1730993653738.png","contentUrl":"https:\/\/armenischeschule.ch\/wp-content\/uploads\/2023\/09\/cropped-ASZ_Logo-e1730993653738.png","width":579,"height":410,"caption":"Armenische Schule Z\u00fcrich"},"image":{"@id":"https:\/\/armenischeschule.ch\/en\/#\/schema\/logo\/image\/"},"sameAs":["https:\/\/www.facebook.com\/people\/Armenische-Schule-Zrich\/100075947446217"]}]}},"campaignId":"","jetpack_sharing_enabled":true,"_links":{"self":[{"href":"http:\/\/armenischeschule.ch\/de\/wp-json\/wp\/v2\/pages\/31214","targetHints":{"allow":["GET"]}}],"collection":[{"href":"http:\/\/armenischeschule.ch\/de\/wp-json\/wp\/v2\/pages"}],"about":[{"href":"http:\/\/armenischeschule.ch\/de\/wp-json\/wp\/v2\/types\/page"}],"author":[{"embeddable":true,"href":"http:\/\/armenischeschule.ch\/de\/wp-json\/wp\/v2\/users\/1"}],"replies":[{"embeddable":true,"href":"http:\/\/armenischeschule.ch\/de\/wp-json\/wp\/v2\/comments?post=31214"}],"version-history":[{"count":178,"href":"http:\/\/armenischeschule.ch\/de\/wp-json\/wp\/v2\/pages\/31214\/revisions"}],"predecessor-version":[{"id":35529,"href":"http:\/\/armenischeschule.ch\/de\/wp-json\/wp\/v2\/pages\/31214\/revisions\/35529"}],"up":[{"embeddable":true,"href":"http:\/\/armenischeschule.ch\/de\/wp-json\/wp\/v2\/pages\/31861"}],"wp:attachment":[{"href":"http:\/\/armenischeschule.ch\/de\/wp-json\/wp\/v2\/media?parent=31214"}],"curies":[{"name":"wp","href":"https:\/\/api.w.org\/{rel}","templated":true}]}}