{"id":30372,"date":"2023-08-08T08:00:27","date_gmt":"2023-08-08T06:00:27","guid":{"rendered":"https:\/\/armenischeschule.ch\/?page_id=30372"},"modified":"2026-02-13T15:22:37","modified_gmt":"2026-02-13T14:22:37","slug":"our-school","status":"publish","type":"page","link":"http:\/\/armenischeschule.ch\/de\/our-school\/","title":{"rendered":"Unsere Schule"},"content":{"rendered":"<div data-elementor-type=\"wp-page\" data-elementor-id=\"30372\" class=\"elementor elementor-30372\">\n\t\t\t\t\t\t<section class=\"elementor-section elementor-top-section elementor-element elementor-element-de4320f elementor-section-boxed elementor-section-height-default elementor-section-height-default\" data-id=\"de4320f\" data-element_type=\"section\" data-e-type=\"section\" data-settings=\"{&quot;background_background&quot;:&quot;classic&quot;}\">\n\t\t\t\t\t\t<div class=\"elementor-container elementor-column-gap-no\">\n\t\t\t\t\t<div class=\"elementor-column elementor-col-100 elementor-top-column elementor-element elementor-element-7bdf3cf\" data-id=\"7bdf3cf\" data-element_type=\"column\" data-e-type=\"column\">\n\t\t\t<div class=\"elementor-widget-wrap elementor-element-populated\">\n\t\t\t\t\t\t<div class=\"elementor-element elementor-element-61bec78 elementor-widget elementor-widget-heading\" data-id=\"61bec78\" data-element_type=\"widget\" data-e-type=\"widget\" data-widget_type=\"heading.default\">\n\t\t\t\t<div class=\"elementor-widget-container\">\n\t\t\t\t\t<h2 class=\"elementor-heading-title elementor-size-default\">Unsere Schule<\/h2>\t\t\t\t<\/div>\n\t\t\t\t<\/div>\n\t\t\t\t\t<\/div>\n\t\t<\/div>\n\t\t\t\t\t<\/div>\n\t\t<\/section>\n\t\t<div class=\"elementor-element elementor-element-2648cc9 e-con-full e-flex e-con e-parent\" data-id=\"2648cc9\" data-element_type=\"container\" data-e-type=\"container\" data-settings=\"{&quot;background_background&quot;:&quot;classic&quot;}\">\n\t\t\t\t<div class=\"elementor-element elementor-element-ff29f43 elementor-widget__width-inherit elementor-widget elementor-widget-heading\" data-id=\"ff29f43\" data-element_type=\"widget\" data-e-type=\"widget\" data-widget_type=\"heading.default\">\n\t\t\t\t<div class=\"elementor-widget-container\">\n\t\t\t\t\t<h4 class=\"elementor-heading-title elementor-size-default\">\u00dcber Unsere Schule<\/h4>\t\t\t\t<\/div>\n\t\t\t\t<\/div>\n\t\t\t\t<\/div>\n\t\t<div class=\"elementor-element elementor-element-bf7a539 e-con-full e-flex e-con e-parent\" data-id=\"bf7a539\" data-element_type=\"container\" data-e-type=\"container\" data-settings=\"{&quot;background_background&quot;:&quot;classic&quot;}\">\n\t\t<div class=\"elementor-element elementor-element-6a9976d e-con-full e-flex e-con e-child\" data-id=\"6a9976d\" data-element_type=\"container\" data-e-type=\"container\">\n\t\t\t\t<div class=\"elementor-element elementor-element-4218fbd elementor-widget__width-inherit elementor-widget elementor-widget-image\" data-id=\"4218fbd\" data-element_type=\"widget\" data-e-type=\"widget\" data-widget_type=\"image.default\">\n\t\t\t\t<div class=\"elementor-widget-container\">\n\t\t\t\t\t\t\t\t\t\t\t\t\t\t\t<img fetchpriority=\"high\" decoding=\"async\" width=\"1500\" height=\"2000\" src=\"https:\/\/armenischeschule.ch\/wp-content\/uploads\/2023\/11\/ASZ_Classroom15.jpg\" class=\"attachment-full size-full wp-image-33169\" alt=\"Armenische Schule Zurich - Classroom\" srcset=\"https:\/\/armenischeschule.ch\/wp-content\/uploads\/2023\/11\/ASZ_Classroom15.jpg 1500w, https:\/\/armenischeschule.ch\/wp-content\/uploads\/2023\/11\/ASZ_Classroom15-225x300.jpg 225w, https:\/\/armenischeschule.ch\/wp-content\/uploads\/2023\/11\/ASZ_Classroom15-768x1024.jpg 768w, https:\/\/armenischeschule.ch\/wp-content\/uploads\/2023\/11\/ASZ_Classroom15-1152x1536.jpg 1152w, https:\/\/armenischeschule.ch\/wp-content\/uploads\/2023\/11\/ASZ_Classroom15-9x12.jpg 9w\" sizes=\"(max-width: 1500px) 100vw, 1500px\" \/>\t\t\t\t\t\t\t\t\t\t\t\t\t\t\t<\/div>\n\t\t\t\t<\/div>\n\t\t\t\t<\/div>\n\t\t<div class=\"elementor-element elementor-element-c614929 e-con-full e-flex e-con e-child\" data-id=\"c614929\" data-element_type=\"container\" data-e-type=\"container\">\n\t\t\t\t<div class=\"elementor-element elementor-element-f25e9df elementor-widget__width-inherit elementor-widget elementor-widget-text-editor\" data-id=\"f25e9df\" data-element_type=\"widget\" data-e-type=\"widget\" data-widget_type=\"text-editor.default\">\n\t\t\t\t<div class=\"elementor-widget-container\">\n\t\t\t\t\t\t\t\t\t<p>Die Armenische Schule Z\u00fcrich (ASZ) wurde im September 2021 gegr\u00fcndet und ist ein Verein gem\u00e4ss ZGB Artikel 60ff. Unser Ziel ist es, ein armenischsprachiges Umfeld zu f\u00f6rdern, in dem die Kinder ihre Kenntnisse der armenischen Sprache und Kultur erweitern k\u00f6nnen.<\/p><p class=\"translation-block\">Derzeit befinden wir uns an der <b>Wegackerstrasse 42, 8041 Z\u00fcrich<\/b>, in einem der Geb\u00e4ude der reformierten Kirche Z\u00fcrich-Leimbach. Unsere Schulzeiten sind <b>Sonntags, 11:30 \u2013 13:15 Uhr,<\/b> ausser in den Schulferien (wir halten uns an den Stundenplan der Stadt Z\u00fcrich).<\/p><p class=\"translation-block\">Wir bieten <strong>Anf\u00e4nger- und Mittelstufenklassen f\u00fcr Kinder im Kindergarten und in der Primarschule (1. \u2013 6. Klasse)<\/strong> an; derzeit in ostarmenischer Sprache. Bei wachsender Nachfrage und Erweiterung unserer Schule planen wir, in Zukunft auch westarmenische Sprachkurse anzubieten. Kinder aus anderen Altersgruppen sind auch bei uns willkommen; bitte nehmen Sie mit der Schule Kontakt auf.<\/p><p>Armenische Sprache und Kultur wird nicht nur im Klassenzimmer gelernt, sondern auch durch das Verst\u00e4ndnis von Geschichte, Literatur und Musik, bei Tanz und Spiel, Feiern und Vortr\u00e4gen, usw. Wir sind immer bestrebt, den Unterricht interessant zu gestalten \u2013 neue und ansprechende Methoden zu entwickeln und Events zu organisieren, wie unsere Sommerabschluss- und Ferienpartys.<\/p><p>Unsere Schule, ihre Mitarbeiter und Lehrer versuchen, eine spannende Atmosph\u00e4re zu bieten. Und die Kinder freuen sich wirklich jeden Sonntag darauf, einander zu sehen.<\/p><p>Sind Sie interessiert und m\u00f6chten Sie an einem Schnupperunterricht teilnehmen? Besuchen Sie uns! Wir w\u00fcrden uns freuen, Sie kennenzulernen.<\/p>\t\t\t\t\t\t\t\t<\/div>\n\t\t\t\t<\/div>\n\t\t\t\t<\/div>\n\t\t\t\t<\/div>\n\t\t<div class=\"elementor-element elementor-element-68e7c29 e-con-full e-flex e-con e-parent\" data-id=\"68e7c29\" data-element_type=\"container\" data-e-type=\"container\" data-settings=\"{&quot;background_background&quot;:&quot;classic&quot;}\">\n\t\t<div class=\"elementor-element elementor-element-33b4f24 e-con-full e-flex e-con e-child\" data-id=\"33b4f24\" data-element_type=\"container\" data-e-type=\"container\">\n\t\t\t\t<div class=\"elementor-element elementor-element-008d970 elementor-align-center elementor-tablet-align-center elementor-widget elementor-widget-button\" data-id=\"008d970\" data-element_type=\"widget\" data-e-type=\"widget\" data-widget_type=\"button.default\">\n\t\t\t\t<div class=\"elementor-widget-container\">\n\t\t\t\t\t\t\t\t\t<div class=\"elementor-button-wrapper\">\n\t\t\t\t\t<a class=\"elementor-button elementor-button-link elementor-size-md elementor-animation-grow\" href=\"https:\/\/armenischeschule.ch\/de\/classes\/\">\n\t\t\t\t\t\t<span class=\"elementor-button-content-wrapper\">\n\t\t\t\t\t\t\t\t\t<span class=\"elementor-button-text\">Unsere Klasse<\/span>\n\t\t\t\t\t<\/span>\n\t\t\t\t\t<\/a>\n\t\t\t\t<\/div>\n\t\t\t\t\t\t\t\t<\/div>\n\t\t\t\t<\/div>\n\t\t\t\t<div class=\"elementor-element elementor-element-86b4273 elementor-align-center elementor-tablet-align-center elementor-widget elementor-widget-button\" data-id=\"86b4273\" data-element_type=\"widget\" data-e-type=\"widget\" data-widget_type=\"button.default\">\n\t\t\t\t<div class=\"elementor-widget-container\">\n\t\t\t\t\t\t\t\t\t<div class=\"elementor-button-wrapper\">\n\t\t\t\t\t<a class=\"elementor-button elementor-button-link elementor-size-md elementor-animation-grow\" href=\"https:\/\/armenischeschule.ch\/de\/admission\/\">\n\t\t\t\t\t\t<span class=\"elementor-button-content-wrapper\">\n\t\t\t\t\t\t\t\t\t<span class=\"elementor-button-text\">Anmeldung<\/span>\n\t\t\t\t\t<\/span>\n\t\t\t\t\t<\/a>\n\t\t\t\t<\/div>\n\t\t\t\t\t\t\t\t<\/div>\n\t\t\t\t<\/div>\n\t\t\t\t<\/div>\n\t\t\t\t<\/div>\n\t\t<div class=\"elementor-element elementor-element-1214c62 e-con-full e-flex e-con e-parent\" data-id=\"1214c62\" data-element_type=\"container\" data-e-type=\"container\" data-settings=\"{&quot;background_background&quot;:&quot;classic&quot;}\">\n\t\t<div class=\"elementor-element elementor-element-1643c4e e-con-full e-flex e-con e-child\" data-id=\"1643c4e\" data-element_type=\"container\" data-e-type=\"container\">\n\t\t\t\t<div class=\"elementor-element elementor-element-859d1d0 elementor-widget elementor-widget-image\" data-id=\"859d1d0\" data-element_type=\"widget\" data-e-type=\"widget\" data-widget_type=\"image.default\">\n\t\t\t\t<div class=\"elementor-widget-container\">\n\t\t\t\t\t\t\t\t\t\t\t\t\t\t\t<img decoding=\"async\" width=\"1500\" height=\"2000\" src=\"https:\/\/armenischeschule.ch\/wp-content\/uploads\/2023\/11\/ASZ_Classroom20.jpg\" class=\"attachment-full size-full wp-image-33174\" alt=\"Armenische Schule Zurich - Classroom\" srcset=\"https:\/\/armenischeschule.ch\/wp-content\/uploads\/2023\/11\/ASZ_Classroom20.jpg 1500w, https:\/\/armenischeschule.ch\/wp-content\/uploads\/2023\/11\/ASZ_Classroom20-225x300.jpg 225w, https:\/\/armenischeschule.ch\/wp-content\/uploads\/2023\/11\/ASZ_Classroom20-768x1024.jpg 768w, https:\/\/armenischeschule.ch\/wp-content\/uploads\/2023\/11\/ASZ_Classroom20-1152x1536.jpg 1152w, https:\/\/armenischeschule.ch\/wp-content\/uploads\/2023\/11\/ASZ_Classroom20-9x12.jpg 9w\" sizes=\"(max-width: 1500px) 100vw, 1500px\" \/>\t\t\t\t\t\t\t\t\t\t\t\t\t\t\t<\/div>\n\t\t\t\t<\/div>\n\t\t\t\t<\/div>\n\t\t<div class=\"elementor-element elementor-element-541cdf8 e-con-full e-flex e-con e-child\" data-id=\"541cdf8\" data-element_type=\"container\" data-e-type=\"container\">\n\t\t\t\t<div class=\"elementor-element elementor-element-1ebdb59 elementor-view-default elementor-widget elementor-widget-icon\" data-id=\"1ebdb59\" data-element_type=\"widget\" data-e-type=\"widget\" data-widget_type=\"icon.default\">\n\t\t\t\t<div class=\"elementor-widget-container\">\n\t\t\t\t\t\t\t<div class=\"elementor-icon-wrapper\">\n\t\t\t<div class=\"elementor-icon\">\n\t\t\t<svg aria-hidden=\"true\" class=\"e-font-icon-svg e-fas-quote-left\" viewbox=\"0 0 512 512\" xmlns=\"http:\/\/www.w3.org\/2000\/svg\"><path d=\"M464 256h-80v-64c0-35.3 28.7-64 64-64h8c13.3 0 24-10.7 24-24V56c0-13.3-10.7-24-24-24h-8c-88.4 0-160 71.6-160 160v240c0 26.5 21.5 48 48 48h128c26.5 0 48-21.5 48-48V304c0-26.5-21.5-48-48-48zm-288 0H96v-64c0-35.3 28.7-64 64-64h8c13.3 0 24-10.7 24-24V56c0-13.3-10.7-24-24-24h-8C71.6 32 0 103.6 0 192v240c0 26.5 21.5 48 48 48h128c26.5 0 48-21.5 48-48V304c0-26.5-21.5-48-48-48z\"><\/path><\/svg>\t\t\t<\/div>\n\t\t<\/div>\n\t\t\t\t\t\t<\/div>\n\t\t\t\t<\/div>\n\t\t\t\t<div class=\"elementor-element elementor-element-ed6ced5 elementor-widget__width-initial elementor-widget elementor-widget-text-editor\" data-id=\"ed6ced5\" data-element_type=\"widget\" data-e-type=\"widget\" data-widget_type=\"text-editor.default\">\n\t\t\t\t<div class=\"elementor-widget-container\">\n\t\t\t\t\t\t\t\t\t<h5 class=\"translation-block\">Ich liebe dich, armenische Sprache, <br>Du bist so s\u00fcss wie meine Mutter,<br>Ich bin stolz auf dich,<br>\nLies, schreib, sprich dich.<\/h5>\t\t\t\t\t\t\t\t<\/div>\n\t\t\t\t<\/div>\n\t\t\t\t<div class=\"elementor-element elementor-element-57af21c elementor-widget elementor-widget-heading\" data-id=\"57af21c\" data-element_type=\"widget\" data-e-type=\"widget\" data-widget_type=\"heading.default\">\n\t\t\t\t<div class=\"elementor-widget-container\">\n\t\t\t\t\t<h6 class=\"elementor-heading-title elementor-size-default\">Silva Kaputikyan \u2014 armenische Dichterin<\/h6>\t\t\t\t<\/div>\n\t\t\t\t<\/div>\n\t\t\t\t<\/div>\n\t\t\t\t<\/div>\n\t\t<div class=\"elementor-element elementor-element-9962650 e-con-full e-flex e-con e-parent\" data-id=\"9962650\" data-element_type=\"container\" data-e-type=\"container\" data-settings=\"{&quot;background_background&quot;:&quot;classic&quot;}\">\n\t\t\t\t<div class=\"elementor-element elementor-element-a3b8f49 elementor-widget elementor-widget-spacer\" data-id=\"a3b8f49\" data-element_type=\"widget\" data-e-type=\"widget\" data-widget_type=\"spacer.default\">\n\t\t\t\t<div class=\"elementor-widget-container\">\n\t\t\t\t\t\t\t<div class=\"elementor-spacer\">\n\t\t\t<div class=\"elementor-spacer-inner\"><\/div>\n\t\t<\/div>\n\t\t\t\t\t\t<\/div>\n\t\t\t\t<\/div>\n\t\t\t\t<\/div>\n\t\t\t\t<\/div>","protected":false},"excerpt":{"rendered":"<p>Our School About Our School Armenische Schule Z\u00fcrich (ASZ) was founded in September 2021 and it is an association according to ZGB Article 60ff. Our goal is to create an Armenian-speaking environment, where children can enhance their knowledge in the Armenian language and culture. We are currently located at Wegackerstrasse 42, 8041 Z\u00fcrich, in one [&hellip;]<\/p>\n","protected":false},"author":1,"featured_media":0,"parent":0,"menu_order":0,"comment_status":"closed","ping_status":"closed","template":"","meta":{"give_campaign_id":0,"site-sidebar-layout":"no-sidebar","site-content-layout":"page-builder","ast-site-content-layout":"full-width-container","site-content-style":"unboxed","site-sidebar-style":"unboxed","ast-global-header-display":"","ast-banner-title-visibility":"","ast-main-header-display":"","ast-hfb-above-header-display":"","ast-hfb-below-header-display":"","ast-hfb-mobile-header-display":"","site-post-title":"disabled","ast-breadcrumbs-content":"disabled","ast-featured-img":"disabled","footer-sml-layout":"","ast-disable-related-posts":"","theme-transparent-header-meta":"default","adv-header-id-meta":"","stick-header-meta":"","header-above-stick-meta":"","header-main-stick-meta":"","header-below-stick-meta":"","astra-migrate-meta-layouts":"set","ast-page-background-enabled":"default","ast-page-background-meta":{"desktop":{"background-color":"","background-image":"","background-repeat":"repeat","background-position":"center center","background-size":"auto","background-attachment":"scroll","background-type":"","background-media":"","overlay-type":"","overlay-color":"","overlay-opacity":"","overlay-gradient":""},"tablet":{"background-color":"","background-image":"","background-repeat":"repeat","background-position":"center center","background-size":"auto","background-attachment":"scroll","background-type":"","background-media":"","overlay-type":"","overlay-color":"","overlay-opacity":"","overlay-gradient":""},"mobile":{"background-color":"","background-image":"","background-repeat":"repeat","background-position":"center center","background-size":"auto","background-attachment":"scroll","background-type":"","background-media":"","overlay-type":"","overlay-color":"","overlay-opacity":"","overlay-gradient":""}},"ast-content-background-meta":{"desktop":{"background-color":"var(--ast-global-color-5)","background-image":"","background-repeat":"repeat","background-position":"center center","background-size":"auto","background-attachment":"scroll","background-type":"","background-media":"","overlay-type":"","overlay-color":"","overlay-opacity":"","overlay-gradient":""},"tablet":{"background-color":"var(--ast-global-color-5)","background-image":"","background-repeat":"repeat","background-position":"center center","background-size":"auto","background-attachment":"scroll","background-type":"","background-media":"","overlay-type":"","overlay-color":"","overlay-opacity":"","overlay-gradient":""},"mobile":{"background-color":"var(--ast-global-color-5)","background-image":"","background-repeat":"repeat","background-position":"center center","background-size":"auto","background-attachment":"scroll","background-type":"","background-media":"","overlay-type":"","overlay-color":"","overlay-opacity":"","overlay-gradient":""}},"footnotes":""},"class_list":["post-30372","page","type-page","status-publish","hentry"],"yoast_head":"<!-- This site is optimized with the Yoast SEO plugin v27.5 - https:\/\/yoast.com\/product\/yoast-seo-wordpress\/ -->\n<title>Armenische Schule Z\u00fcrich \u2013 About Our School<\/title>\n<meta name=\"description\" content=\"Armenische Schule Z\u00fcrich offers beginner and intermediate classes, where children can enhance their knowledge in the Armenian language and culture.\" \/>\n<meta name=\"robots\" content=\"index, follow, max-snippet:-1, max-image-preview:large, max-video-preview:-1\" \/>\n<link rel=\"canonical\" href=\"https:\/\/armenischeschule.ch\/de\/our-school\/\" \/>\n<meta property=\"og:locale\" content=\"de_DE\" \/>\n<meta property=\"og:type\" content=\"article\" \/>\n<meta property=\"og:title\" content=\"Armenische Schule Z\u00fcrich \u2013 About Our School\" \/>\n<meta property=\"og:description\" content=\"Armenische Schule Z\u00fcrich offers beginner and intermediate classes, where children can enhance their knowledge in the Armenian language and culture.\" \/>\n<meta property=\"og:url\" content=\"https:\/\/armenischeschule.ch\/de\/our-school\/\" \/>\n<meta property=\"og:site_name\" content=\"Armenische Schule Z\u00fcrich\" \/>\n<meta property=\"article:publisher\" content=\"https:\/\/www.facebook.com\/people\/Armenische-Schule-Zrich\/100075947446217\" \/>\n<meta property=\"article:modified_time\" content=\"2026-02-13T14:22:37+00:00\" \/>\n<meta property=\"og:image\" content=\"https:\/\/armenischeschule.ch\/wp-content\/uploads\/2023\/11\/ASZ_Classroom15.jpg\" \/>\n<meta name=\"twitter:card\" content=\"summary_large_image\" \/>\n<meta name=\"twitter:label1\" content=\"Gesch\u00e4tzte Lesezeit\" \/>\n\t<meta name=\"twitter:data1\" content=\"2\u00a0Minuten\" \/>\n<script type=\"application\/ld+json\" class=\"yoast-schema-graph\">{\"@context\":\"https:\\\/\\\/schema.org\",\"@graph\":[{\"@type\":\"WebPage\",\"@id\":\"https:\\\/\\\/armenischeschule.ch\\\/our-school\\\/\",\"url\":\"https:\\\/\\\/armenischeschule.ch\\\/our-school\\\/\",\"name\":\"Armenische Schule Z\u00fcrich \u2013 About Our School\",\"isPartOf\":{\"@id\":\"https:\\\/\\\/armenischeschule.ch\\\/en\\\/#website\"},\"primaryImageOfPage\":{\"@id\":\"https:\\\/\\\/armenischeschule.ch\\\/our-school\\\/#primaryimage\"},\"image\":{\"@id\":\"https:\\\/\\\/armenischeschule.ch\\\/our-school\\\/#primaryimage\"},\"thumbnailUrl\":\"https:\\\/\\\/armenischeschule.ch\\\/wp-content\\\/uploads\\\/2023\\\/11\\\/ASZ_Classroom15.jpg\",\"datePublished\":\"2023-08-08T06:00:27+00:00\",\"dateModified\":\"2026-02-13T14:22:37+00:00\",\"description\":\"Armenische Schule Z\u00fcrich offers beginner and intermediate classes, where children can enhance their knowledge in the Armenian language and culture.\",\"breadcrumb\":{\"@id\":\"https:\\\/\\\/armenischeschule.ch\\\/our-school\\\/#breadcrumb\"},\"inLanguage\":\"de\",\"potentialAction\":[{\"@type\":\"ReadAction\",\"target\":[\"https:\\\/\\\/armenischeschule.ch\\\/our-school\\\/\"]}]},{\"@type\":\"ImageObject\",\"inLanguage\":\"de\",\"@id\":\"https:\\\/\\\/armenischeschule.ch\\\/our-school\\\/#primaryimage\",\"url\":\"https:\\\/\\\/armenischeschule.ch\\\/wp-content\\\/uploads\\\/2023\\\/11\\\/ASZ_Classroom15.jpg\",\"contentUrl\":\"https:\\\/\\\/armenischeschule.ch\\\/wp-content\\\/uploads\\\/2023\\\/11\\\/ASZ_Classroom15.jpg\"},{\"@type\":\"BreadcrumbList\",\"@id\":\"https:\\\/\\\/armenischeschule.ch\\\/our-school\\\/#breadcrumb\",\"itemListElement\":[{\"@type\":\"ListItem\",\"position\":1,\"name\":\"Home\",\"item\":\"https:\\\/\\\/armenischeschule.ch\\\/\"},{\"@type\":\"ListItem\",\"position\":2,\"name\":\"Our School\"}]},{\"@type\":\"WebSite\",\"@id\":\"https:\\\/\\\/armenischeschule.ch\\\/en\\\/#website\",\"url\":\"https:\\\/\\\/armenischeschule.ch\\\/en\\\/\",\"name\":\"Armenische Schule Z\u00fcrich\",\"description\":\"\",\"publisher\":{\"@id\":\"https:\\\/\\\/armenischeschule.ch\\\/en\\\/#organization\"},\"potentialAction\":[{\"@type\":\"SearchAction\",\"target\":{\"@type\":\"EntryPoint\",\"urlTemplate\":\"https:\\\/\\\/armenischeschule.ch\\\/en\\\/?s={search_term_string}\"},\"query-input\":{\"@type\":\"PropertyValueSpecification\",\"valueRequired\":true,\"valueName\":\"search_term_string\"}}],\"inLanguage\":\"de\"},{\"@type\":\"Organization\",\"@id\":\"https:\\\/\\\/armenischeschule.ch\\\/en\\\/#organization\",\"name\":\"Armenische Schule Z\u00fcrich\",\"url\":\"https:\\\/\\\/armenischeschule.ch\\\/en\\\/\",\"logo\":{\"@type\":\"ImageObject\",\"inLanguage\":\"de\",\"@id\":\"https:\\\/\\\/armenischeschule.ch\\\/en\\\/#\\\/schema\\\/logo\\\/image\\\/\",\"url\":\"https:\\\/\\\/armenischeschule.ch\\\/wp-content\\\/uploads\\\/2023\\\/09\\\/cropped-ASZ_Logo-e1730993653738.png\",\"contentUrl\":\"https:\\\/\\\/armenischeschule.ch\\\/wp-content\\\/uploads\\\/2023\\\/09\\\/cropped-ASZ_Logo-e1730993653738.png\",\"width\":579,\"height\":410,\"caption\":\"Armenische Schule Z\u00fcrich\"},\"image\":{\"@id\":\"https:\\\/\\\/armenischeschule.ch\\\/en\\\/#\\\/schema\\\/logo\\\/image\\\/\"},\"sameAs\":[\"https:\\\/\\\/www.facebook.com\\\/people\\\/Armenische-Schule-Zrich\\\/100075947446217\"]}]}<\/script>\n<!-- \/ Yoast SEO plugin. -->","yoast_head_json":{"title":"Armenische Schule Z\u00fcrich \u2013 About Our School","description":"Armenische Schule Z\u00fcrich bietet Anf\u00e4nger- und Mittelstufenklassen, in dem die Kinder ihre Kenntnisse der armenischen Sprache und Kultur erweitern k\u00f6nnen.","robots":{"index":"index","follow":"follow","max-snippet":"max-snippet:-1","max-image-preview":"max-image-preview:large","max-video-preview":"max-video-preview:-1"},"canonical":"https:\/\/armenischeschule.ch\/de\/our-school\/","og_locale":"de_DE","og_type":"article","og_title":"Armenische Schule Z\u00fcrich \u2013 About Our School","og_description":"Armenische Schule Z\u00fcrich offers beginner and intermediate classes, where children can enhance their knowledge in the Armenian language and culture.","og_url":"https:\/\/armenischeschule.ch\/de\/our-school\/","og_site_name":"Armenische Schule Z\u00fcrich","article_publisher":"https:\/\/www.facebook.com\/people\/Armenische-Schule-Zrich\/100075947446217","article_modified_time":"2026-02-13T14:22:37+00:00","og_image":[{"url":"https:\/\/armenischeschule.ch\/wp-content\/uploads\/2023\/11\/ASZ_Classroom15.jpg","type":"","width":"","height":""}],"twitter_card":"summary_large_image","twitter_misc":{"Gesch\u00e4tzte Lesezeit":"2\u00a0Minuten"},"schema":{"@context":"https:\/\/schema.org","@graph":[{"@type":"WebPage","@id":"https:\/\/armenischeschule.ch\/our-school\/","url":"https:\/\/armenischeschule.ch\/our-school\/","name":"Armenische Schule Z\u00fcrich \u2013 About Our School","isPartOf":{"@id":"https:\/\/armenischeschule.ch\/en\/#website"},"primaryImageOfPage":{"@id":"https:\/\/armenischeschule.ch\/our-school\/#primaryimage"},"image":{"@id":"https:\/\/armenischeschule.ch\/our-school\/#primaryimage"},"thumbnailUrl":"https:\/\/armenischeschule.ch\/wp-content\/uploads\/2023\/11\/ASZ_Classroom15.jpg","datePublished":"2023-08-08T06:00:27+00:00","dateModified":"2026-02-13T14:22:37+00:00","description":"Armenische Schule Z\u00fcrich bietet Anf\u00e4nger- und Mittelstufenklassen, in dem die Kinder ihre Kenntnisse der armenischen Sprache und Kultur erweitern k\u00f6nnen.","breadcrumb":{"@id":"https:\/\/armenischeschule.ch\/our-school\/#breadcrumb"},"inLanguage":"de","potentialAction":[{"@type":"ReadAction","target":["https:\/\/armenischeschule.ch\/our-school\/"]}]},{"@type":"ImageObject","inLanguage":"de","@id":"https:\/\/armenischeschule.ch\/our-school\/#primaryimage","url":"https:\/\/armenischeschule.ch\/wp-content\/uploads\/2023\/11\/ASZ_Classroom15.jpg","contentUrl":"https:\/\/armenischeschule.ch\/wp-content\/uploads\/2023\/11\/ASZ_Classroom15.jpg"},{"@type":"BreadcrumbList","@id":"https:\/\/armenischeschule.ch\/our-school\/#breadcrumb","itemListElement":[{"@type":"ListItem","position":1,"name":"Home","item":"https:\/\/armenischeschule.ch\/"},{"@type":"ListItem","position":2,"name":"Our School"}]},{"@type":"WebSite","@id":"https:\/\/armenischeschule.ch\/en\/#website","url":"https:\/\/armenischeschule.ch\/en\/","name":"Armenische Schule Z\u00fcrich","description":"","publisher":{"@id":"https:\/\/armenischeschule.ch\/en\/#organization"},"potentialAction":[{"@type":"SearchAction","target":{"@type":"EntryPoint","urlTemplate":"https:\/\/armenischeschule.ch\/en\/?s={search_term_string}"},"query-input":{"@type":"PropertyValueSpecification","valueRequired":true,"valueName":"search_term_string"}}],"inLanguage":"de"},{"@type":"Organization","@id":"https:\/\/armenischeschule.ch\/en\/#organization","name":"Armenische Schule Z\u00fcrich","url":"https:\/\/armenischeschule.ch\/en\/","logo":{"@type":"ImageObject","inLanguage":"de","@id":"https:\/\/armenischeschule.ch\/en\/#\/schema\/logo\/image\/","url":"https:\/\/armenischeschule.ch\/wp-content\/uploads\/2023\/09\/cropped-ASZ_Logo-e1730993653738.png","contentUrl":"https:\/\/armenischeschule.ch\/wp-content\/uploads\/2023\/09\/cropped-ASZ_Logo-e1730993653738.png","width":579,"height":410,"caption":"Armenische Schule Z\u00fcrich"},"image":{"@id":"https:\/\/armenischeschule.ch\/en\/#\/schema\/logo\/image\/"},"sameAs":["https:\/\/www.facebook.com\/people\/Armenische-Schule-Zrich\/100075947446217"]}]}},"campaignId":"","jetpack_sharing_enabled":true,"_links":{"self":[{"href":"http:\/\/armenischeschule.ch\/de\/wp-json\/wp\/v2\/pages\/30372","targetHints":{"allow":["GET"]}}],"collection":[{"href":"http:\/\/armenischeschule.ch\/de\/wp-json\/wp\/v2\/pages"}],"about":[{"href":"http:\/\/armenischeschule.ch\/de\/wp-json\/wp\/v2\/types\/page"}],"author":[{"embeddable":true,"href":"http:\/\/armenischeschule.ch\/de\/wp-json\/wp\/v2\/users\/1"}],"replies":[{"embeddable":true,"href":"http:\/\/armenischeschule.ch\/de\/wp-json\/wp\/v2\/comments?post=30372"}],"version-history":[{"count":645,"href":"http:\/\/armenischeschule.ch\/de\/wp-json\/wp\/v2\/pages\/30372\/revisions"}],"predecessor-version":[{"id":36116,"href":"http:\/\/armenischeschule.ch\/de\/wp-json\/wp\/v2\/pages\/30372\/revisions\/36116"}],"wp:attachment":[{"href":"http:\/\/armenischeschule.ch\/de\/wp-json\/wp\/v2\/media?parent=30372"}],"curies":[{"name":"wp","href":"https:\/\/api.w.org\/{rel}","templated":true}]}}